{"id":20695,"date":"2019-03-29T13:50:47","date_gmt":"2019-03-29T13:50:47","guid":{"rendered":"https:\/\/www.campmontana.ch\/faq\/"},"modified":"2025-09-11T04:52:21","modified_gmt":"2025-09-11T04:52:21","slug":"faq","status":"publish","type":"page","link":"https:\/\/www.campmontana.ch\/it\/faq\/","title":{"rendered":"FAQ"},"content":{"rendered":"<p>Benvenuti nella nostra pagina delle FAQ (domande frequenti), dove potrete trovare le risposte ad alcuni argomenti scottanti per i genitori e i futuri campeggiatori. Se avete un&#8217;altra domanda e non avete trovato la risposta qui, contattateci.<\/p>\n<ul>\n<li>\n<h4>Quanto costa andare al campo estivo?<\/h4>\n<p>La quota di partecipazione per una sessione di tre settimane \u00e8 di CHF 8&#8217;200.- per campeggiatore, per sessione. La quota deve essere pagata in franchi svizzeri. La quota comprende la pensione completa, le attivit\u00e0 sportive e ricreative (comprese le attrezzature), le escursioni, il personale e le istruzioni per queste attivit\u00e0, il servizio di lavanderia, la biancheria da letto e i servizi dell&#8217;infermeria del campo.<\/p>\n<p>La quota <strong>non copre gli spostamenti da e per la sede del campo, le spese personali, i premi assicurativi, i corsi di lingua (costo aggiuntivo di CHF 300.- per sessione) e le cure mediche fornite al di fuori dell&#8217;infermeria del campo. Per ogni giorno aggiuntivo al campo verranno addebitati CHF 410.-.<\/strong><\/p>\n<p>La quota per la <strong>sessione Sunrise \u00e8 di CHF 5&#8217;530.-, per campeggiatore<\/strong> (l&#8217;escursione notturna e l&#8217;equitazione non sono offerte).<\/li>\n<li>\n<h4>Quanti anni bisogna avere per andare al campo estivo?<\/h4>\n<p>La sezione pi\u00f9 giovane del campo \u00e8 quella degli &#8220;Rookies&#8221;, riservata ai bambini dagli 8 agli 11 anni. \u00c8 possibile che vengano iscritti bambini che non hanno ancora compiuto 8 anni, ma questo dipende dalla discrezione del proprietario\/direttore del campo e del capo consigliere della sezione Rookies. Riteniamo che non esista un&#8217;et\u00e0 giusta per partecipare a un campo scuola, ma in generale pi\u00f9 i bambini e gli adolescenti sono piccoli, meglio si prepareranno in futuro a stare lontano da casa.<\/li>\n<li>\n<h4>Perch\u00e9 il campo estivo \u00e8 importante?<\/h4>\n<p>Crediamo che ogni bambino e adolescente possa trovare divertimento e sfida partecipando all&#8217;International Summer Camp Montana in Svizzera. Ci auguriamo che ogni bambino abbia l&#8217;opportunit\u00e0 di ampliare i propri orizzonti, incontrando persone provenienti da paesi diversi e da contesti variegati. La combinazione di attivit\u00e0 ricreative, educative e sociali presenti nel programma permette a ogni campeggiatore di mettersi alla prova in un ambiente sicuro e non giudicante. Rispettando gli altri, i nostri campeggiatori sviluppano una migliore comprensione della cittadinanza globale responsabile. Tutti questi fattori, oltre allo sviluppo delle competenze del 21\u00b0 secolo, fanno s\u00ec che la partecipazione al Campo estivo Montana sia un&#8217;esperienza gratificante e arricchente.<\/li>\n<li>\n<h4>Come posso preparare mio figlio al campo estivo?<\/h4>\n<p>Non c&#8217;\u00e8 un modo giusto o sbagliato per prepararsi a un campo estivo in Svizzera. Siamo lieti di accogliere ogni estate a Crans-Montana bambini e ragazzi provenienti da oltre 50 Paesi e di creare per tutti loro un ambiente sicuro, amichevole e felice. Per alcuni bambini pu\u00f2 essere pi\u00f9 difficile adattarsi a un nuovo ambiente. Inoltre, anche per alcuni genitori pu\u00f2 essere difficile stare senza i propri figli, quindi vi consigliamo di parlarne con loro prima della partenza.<\/p>\n<p>Abbiamo uno staff incredibile che \u00e8 qui per aiutare e sostenere l&#8217;adattamento di ciascun campeggiatore alla vita del campo e siamo consapevoli che non ci sono due bambini uguali quando si tratta di ambientarsi. Tuttavia, grazie alla libert\u00e0, allo spazio e all&#8217;ambiente non pressurizzato, crediamo che con il tempo ogni campeggiatore trover\u00e0 il proprio livello di comfort in Svizzera.<\/p>\n<p>A parte questo, seguite le liste di imballaggio per assicurarvi che mettano le cose giuste in valigia!<\/li>\n<li>\n<h4>Cosa devo e non devo portare al campo estivo?<\/h4>\n<p><a href=\"\/it\/elenco-abbigliamento-ed-equipaggiamento\/\">Elenco dell&#8217;abbigliamento e dell&#8217;attrezzatura<\/a><br \/>\n<a href=\"\/fr\/liste-vetements-et-equipements\/\">Liste des v\u00eatements et d&#8217;\u00e9quipement<\/a><\/li>\n<\/ul>\n<ul>\n<li>\n<h4>Cosa devo portare a una lezione di lingua al Camp?<\/h4>\n<p>I campeggiatori non devono portare con s\u00e9 nulla di particolare per le lezioni di lingua a cui si sono iscritti. L&#8217;International Summer Camp Montana fornisce i libri di testo, i materiali, la cancelleria e tutto il materiale accademico di cui uno studente ha bisogno per partecipare al programma linguistico. Raccomandiamo solo di portare ad ogni lezione la volont\u00e0 di imparare e di partecipare!<\/li>\n<li>\n<h4>Quanti bambini vanno al campo estivo del Montana?<\/h4>\n<p>L&#8217;International Summer Camp Montana accoglie regolarmente circa 330 bambini e ragazzi al campo in Svizzera ad ogni sessione. Ci\u00f2 significa che nel corso della stagione estiva accogliamo circa 990 bambini da tutto il mondo al nostro campo di Crans-Montana.<\/li>\n<li>\n<h4>A che ora deve arrivare mio figlio all&#8217;aeroporto di Ginevra il giorno dell&#8217;arrivo?<\/h4>\n<p>Vi consigliamo di arrivare a Ginevra la domenica mattina. In questo modo il bambino arriver\u00e0 al campo nel pomeriggio e potr\u00e0 orientarsi durante le ore di luce. Naturalmente siamo in grado di soddisfare la maggior parte degli orari di arrivo, ma la mattina sarebbe pi\u00f9 vantaggiosa per vostro figlio.<\/li>\n<li>\n<h4>A che ora devo prenotare il volo di ritorno per mio figlio il giorno della partenza?<\/h4>\n<p>Il bambino partir\u00e0 dal campo circa 5 ore prima dell&#8217;orario del suo volo. Se possibile, consigliamo di prenotare un volo da mezzogiorno a met\u00e0 pomeriggio.<\/li>\n<li>\n<h4>A che ora devo arrivare al campo con mio figlio il giorno dell&#8217;arrivo?<\/h4>\n<p>Vi consigliamo di arrivare con il vostro bambino la mattina del giorno di arrivo. In questo modo potrete anche partecipare al tour del campo e incontrare l&#8217;animatore del gruppo di vostro figlio.<\/li>\n<li>\n<h4>A che ora devo andare a prendere mio figlio al campo il giorno della partenza?<\/h4>\n<p>Vi consigliamo di ritirare il vostro bambino la mattina del giorno di partenza, poich\u00e9 la maggior parte dei bambini verr\u00e0 ritirata entro mezzogiorno. Se non potete ritirare il vostro bambino fino al tardo pomeriggio, vi preghiamo di comunicarcelo.<\/li>\n<li>\n<h4>Mio figlio deve portare con s\u00e9 l&#8217;attrezzatura sportiva?<\/h4>\n<p>Tutte le attrezzature sportive per ogni attivit\u00e0 sono fornite dal campo. I bambini possono portare con s\u00e9, ad esempio, gli stivali da equitazione o la racchetta da tennis, ma questo \u00e8 facoltativo.<\/li>\n<li>\n<h4>Come posso inviare la posta a mio figlio?<\/h4>\n<p>I bambini amano ricevere posta, quindi potete inviare e-mail al seguente indirizzo.<br \/>\nEmail &#8211; <a href=\"mailto:admin@campmontana.ch\">admin@campmontana.ch<\/a><br \/>\nSi prega di inserire il nome completo del bambino nell&#8217;e-mail. Tutte le e-mail saranno trasmesse a vostro figlio al momento del pasto.<\/p>\n<p>I pacchi possono essere inviati a: si prega di indicare il nome completo del campeggiatore sul pacco.<\/p>\n<p>Nome del camper<br \/>\nc\/o ISCM SA<br \/>\nRoute de la Moubra 43<br \/>\n3963 Crans-Montana<br \/>\nSwitzerland<\/li>\n<li>\n<h4>Mio figlio pu\u00f2 avere accesso a Internet:<\/h4>\n<p>L&#8217;International Summer Camp Montana ha deciso consapevolmente di fornire una rete Wifi sicura (a orari limitati) ai nostri campeggiatori. Siamo consapevoli dell&#8217;importanza che la tecnologia riveste nel mantenere le famiglie in contatto e per questo abbiamo deciso di dare ai nostri campeggiatori l&#8217;accesso al web. Gli orari in cui la rete Wifi \u00e8 disponibile per ogni sezione possono essere visualizzati nelle sezioni successive.<br \/>\nTuttavia, raccomandiamo vivamente di non portare al campo dispositivi come tablet, laptop, telefoni costosi e giochi per computer portatili. Vi preghiamo di scoraggiare i vostri figli dall&#8217;utilizzare Internet in &#8220;roaming&#8221; sui loro dispositivi abilitati a Internet, poich\u00e9 ci\u00f2 potrebbe rivelarsi costoso.<\/li>\n<li>\n<h4>Orari di accesso al cellulare e al Wifi per i campeggiatori:<\/h4>\n<p><strong>Rookies:<\/strong> sono ammessi i telefoni cellulari, ma possono utilizzarli solo durante il periodo di riposo (dalle 13h00 alle 14h00). Durante questo periodo, i campeggiatori avranno anche accesso a una rete Wifi sicura. Per il resto della giornata i telefoni cellulari vengono spenti e chiusi nella cassaforte della camera di ogni campeggiatore.<\/p>\n<p><strong>Champions:<\/strong> sono ammessi i telefoni cellulari, ma possono usarli solo durante il periodo di riposo (dalle 13h00 alle 14h00). Durante questo periodo, i campeggiatori Champion avranno anche accesso a una rete Wifi sicura. Per il resto della giornata i telefoni cellulari vengono spenti e chiusi nella cassaforte della camera di ogni campeggiatore.<\/p>\n<p><strong>Seniors:<\/strong> possono utilizzare i telefoni cellulari, ma solo durante la siesta (dalle 13h45 alle 14h50) e il tempo libero (dalle 17h30 alle 19h30). Gli Seniors potranno accedere a una connessione Wifi sicura dalle 13h45 alle 14h50 e dalle 17h30 alle 19h30. Per il resto della giornata i telefoni cellulari sono spenti e chiusi nella cassaforte della camera di ciascun campeggiatore.<\/li>\n<li>\n<h4>Quali sono gli orari dei pasti al campo?<\/h4>\n<table border=\"1\">\n<tbody>\n<tr>\n<td><\/td>\n<td><strong>Colazione<\/strong><\/td>\n<td><strong>Pranzo<\/strong><\/td>\n<td><strong>Cena<\/strong><\/td>\n<\/tr>\n<tr>\n<td><strong>Rookies<\/strong><\/td>\n<td>07h45<\/td>\n<td>12h00<\/td>\n<td>18h00<\/td>\n<\/tr>\n<tr>\n<td><strong>Champions<\/strong><\/td>\n<td>08h15<\/td>\n<td>12h35<\/td>\n<td>18h45<\/td>\n<\/tr>\n<tr>\n<td><strong>Seniors<\/strong><\/td>\n<td>09h00<\/td>\n<td>13h15<\/td>\n<td>19h35<\/td>\n<\/tr>\n<\/tbody>\n<\/table>\n<\/li>\n<li>\n<h4>Quante ore di lingue avr\u00e0 mio figlio a settimana?<\/h4>\n<p>Il corso di lingua dura 50 minuti al giorno per 5 giorni alla settimana. All&#8217;inizio della sessione i campeggiatori saranno sottoposti a un piccolo test di posizionamento per essere inseriti nel corso pi\u00f9 adatto alle loro capacit\u00e0.<\/li>\n<li>\n<h4>Quanto denaro dovrebbe avere mio figlio per la paghetta?<\/h4>\n<p>L&#8217;importo suggerito per la paghetta per una sessione di 3 settimane \u00e8 di<\/p>\n<p>Rookies\u00a0 \u00a0 \u00a0 \u00a0 \u00a0 \u00a0CHF 120.\u2013<\/p>\n<p>Champions\u00a0 \u00a0 CHF 200.\u2013<\/p>\n<p>Seniors\u00a0 \u00a0 \u00a0 \u00a0 \u00a0 \u00a0CHF 200.\u2013<\/p>\n<p>Se lo desiderate, potete inviare una somma superiore a quella suggerita.<\/li>\n<li>\n<h4>Come posso inviare una paghetta extra a mio figlio?<\/h4>\n<p>Potete inviare un bonifico bancario all&#8217;International Summer Camp indicando il nome di vostro figlio come riferimento per il pagamento.<br \/>\nDovrete inviarci via e-mail una copia del bonifico bancario e noi potremo inoltrare immediatamente il denaro a vostro figlio. Se non riceviamo una copia del bonifico, non possiamo inoltrare il denaro a vostro figlio finch\u00e9 non riceviamo una conferma dalla nostra banca.<\/li>\n<li>\n<h4>Posso pagare in dollari USA, euro o sterline inglesi?<\/h4>\n<p>S\u00ec, \u00e8 possibile pagare in queste valute. Tutti gli assegni devono essere intestati a ISCM SA. Consultare la propria banca per conoscere il tasso di cambio del giorno.<\/li>\n<li>\n<h4>Quale tasso di cambio devo utilizzare?<\/h4>\n<p>Poich\u00e9 il tasso di cambio cambia ogni giorno, vi consigliamo di verificare con la vostra banca il tasso del giorno.<\/li>\n<li>\n<h4>Richiesta di camera<\/h4>\n<p>La richiesta di camera deve essere fatta per iscritto via e-mail. I campeggiatori possono chiedere di condividere la stanza con un altro campeggiatore che si trova nella loro stessa sezione.<\/li>\n<li>\n<h4>Visas for Switzerland<\/h4>\n<p>Please consult your local Swiss Consulate or Embassy to obtain the necessary documentation to enter Switzerland. If necessary, we can provide a letter of invitation for your child; please contact our administration in this regard.<br \/>\nAssicuratevi inoltre che vostro figlio abbia il visto corretto per entrare nel Paese che visiter\u00e0 dopo il suo soggiorno al campo estivo Montana.<\/li>\n<li>\n<h4>Quanti campeggiatori per camera<\/h4>\n<p>Per i Champions e i Senior ci sono 4 camper per stanza. Per gli Rookies ci sono camere da 4, 6 e 8 camper.<\/li>\n<li>\n<h4>Tempo di visita<\/h4>\n<p>I campeggiatori possono ricevere visite dalle ore 17h00 alle ore 18h00. Per visite al di fuori di questo orario si prega di contattare l&#8217;amministrazione.<\/li>\n<\/ul>\n","protected":false},"excerpt":{"rendered":"<p>Benvenuti nella nostra pagina delle FAQ (domande frequenti), dove potrete trovare le risposte ad alcuni argomenti scottanti per i genitori e i futuri campeggiatori. Se avete un&#8217;altra domanda e non avete trovato la risposta qui, contattateci. Quanto costa andare al campo estivo? La quota di partecipazione per una sessione di tre settimane \u00e8 di CHF [&hellip;]<\/p>\n","protected":false},"author":3,"featured_media":0,"parent":0,"menu_order":0,"comment_status":"closed","ping_status":"closed","template":"","meta":{"content-type":"","footnotes":""},"class_list":["post-20695","page","type-page","status-publish","hentry"],"yoast_head":"<!-- This site is optimized with the Yoast SEO plugin v27.1 - https:\/\/yoast.com\/product\/yoast-seo-wordpress\/ -->\n<title>Domande e risposte su Summer Camp Montana - FAQ<\/title>\n<meta name=\"description\" content=\"FAQ - Anche le persone chiedono. Un elenco di domande e risposte sui campi estivi del Montana, in particolare un elenco che fornisce informazioni di base per i campeggiatori e i genitori.\" \/>\n<meta name=\"robots\" content=\"index, follow, max-snippet:-1, max-image-preview:large, max-video-preview:-1\" \/>\n<link rel=\"canonical\" href=\"https:\/\/www.campmontana.ch\/it\/faq\/\" \/>\n<meta property=\"og:locale\" content=\"it_IT\" \/>\n<meta property=\"og:type\" content=\"article\" \/>\n<meta property=\"og:title\" content=\"Domande e risposte su Summer Camp Montana - FAQ\" \/>\n<meta property=\"og:description\" content=\"FAQ - Anche le persone chiedono. Un elenco di domande e risposte sui campi estivi del Montana, in particolare un elenco che fornisce informazioni di base per i campeggiatori e i genitori.\" \/>\n<meta property=\"og:url\" content=\"https:\/\/www.campmontana.ch\/it\/faq\/\" \/>\n<meta property=\"og:site_name\" content=\"International Summer Camp Montana\" \/>\n<meta property=\"article:publisher\" content=\"https:\/\/www.facebook.com\/summercampmontana\/\" \/>\n<meta property=\"article:modified_time\" content=\"2025-09-11T04:52:21+00:00\" \/>\n<meta name=\"twitter:card\" content=\"summary_large_image\" \/>\n<meta name=\"twitter:site\" content=\"@iscmtweets\" \/>\n<meta name=\"twitter:label1\" content=\"Tempo di lettura stimato\" \/>\n\t<meta name=\"twitter:data1\" content=\"8 minuti\" \/>\n<script type=\"application\/ld+json\" class=\"yoast-schema-graph\">{\"@context\":\"https:\/\/schema.org\",\"@graph\":[{\"@type\":\"WebPage\",\"@id\":\"https:\/\/www.campmontana.ch\/it\/faq\/\",\"url\":\"https:\/\/www.campmontana.ch\/it\/faq\/\",\"name\":\"Domande e risposte su Summer Camp Montana - FAQ\",\"isPartOf\":{\"@id\":\"https:\/\/www.campmontana.ch\/it\/#website\"},\"datePublished\":\"2019-03-29T13:50:47+00:00\",\"dateModified\":\"2025-09-11T04:52:21+00:00\",\"description\":\"FAQ - Anche le persone chiedono. Un elenco di domande e risposte sui campi estivi del Montana, in particolare un elenco che fornisce informazioni di base per i campeggiatori e i genitori.\",\"breadcrumb\":{\"@id\":\"https:\/\/www.campmontana.ch\/it\/faq\/#breadcrumb\"},\"inLanguage\":\"it-IT\",\"potentialAction\":[{\"@type\":\"ReadAction\",\"target\":[\"https:\/\/www.campmontana.ch\/it\/faq\/\"]}]},{\"@type\":\"BreadcrumbList\",\"@id\":\"https:\/\/www.campmontana.ch\/it\/faq\/#breadcrumb\",\"itemListElement\":[{\"@type\":\"ListItem\",\"position\":1,\"name\":\"Home\",\"item\":\"https:\/\/www.campmontana.ch\/it\/\"},{\"@type\":\"ListItem\",\"position\":2,\"name\":\"FAQ\"}]},{\"@type\":\"WebSite\",\"@id\":\"https:\/\/www.campmontana.ch\/it\/#website\",\"url\":\"https:\/\/www.campmontana.ch\/it\/\",\"name\":\"International Summer Camp Montana\",\"description\":\"\",\"potentialAction\":[{\"@type\":\"SearchAction\",\"target\":{\"@type\":\"EntryPoint\",\"urlTemplate\":\"https:\/\/www.campmontana.ch\/it\/?s={search_term_string}\"},\"query-input\":{\"@type\":\"PropertyValueSpecification\",\"valueRequired\":true,\"valueName\":\"search_term_string\"}}],\"inLanguage\":\"it-IT\"}]}<\/script>\n<!-- \/ Yoast SEO plugin. -->","yoast_head_json":{"title":"Domande e risposte su Summer Camp Montana - FAQ","description":"FAQ - Anche le persone chiedono. Un elenco di domande e risposte sui campi estivi del Montana, in particolare un elenco che fornisce informazioni di base per i campeggiatori e i genitori.","robots":{"index":"index","follow":"follow","max-snippet":"max-snippet:-1","max-image-preview":"max-image-preview:large","max-video-preview":"max-video-preview:-1"},"canonical":"https:\/\/www.campmontana.ch\/it\/faq\/","og_locale":"it_IT","og_type":"article","og_title":"Domande e risposte su Summer Camp Montana - FAQ","og_description":"FAQ - Anche le persone chiedono. Un elenco di domande e risposte sui campi estivi del Montana, in particolare un elenco che fornisce informazioni di base per i campeggiatori e i genitori.","og_url":"https:\/\/www.campmontana.ch\/it\/faq\/","og_site_name":"International Summer Camp Montana","article_publisher":"https:\/\/www.facebook.com\/summercampmontana\/","article_modified_time":"2025-09-11T04:52:21+00:00","twitter_card":"summary_large_image","twitter_site":"@iscmtweets","twitter_misc":{"Tempo di lettura stimato":"8 minuti"},"schema":{"@context":"https:\/\/schema.org","@graph":[{"@type":"WebPage","@id":"https:\/\/www.campmontana.ch\/it\/faq\/","url":"https:\/\/www.campmontana.ch\/it\/faq\/","name":"Domande e risposte su Summer Camp Montana - FAQ","isPartOf":{"@id":"https:\/\/www.campmontana.ch\/it\/#website"},"datePublished":"2019-03-29T13:50:47+00:00","dateModified":"2025-09-11T04:52:21+00:00","description":"FAQ - Anche le persone chiedono. Un elenco di domande e risposte sui campi estivi del Montana, in particolare un elenco che fornisce informazioni di base per i campeggiatori e i genitori.","breadcrumb":{"@id":"https:\/\/www.campmontana.ch\/it\/faq\/#breadcrumb"},"inLanguage":"it-IT","potentialAction":[{"@type":"ReadAction","target":["https:\/\/www.campmontana.ch\/it\/faq\/"]}]},{"@type":"BreadcrumbList","@id":"https:\/\/www.campmontana.ch\/it\/faq\/#breadcrumb","itemListElement":[{"@type":"ListItem","position":1,"name":"Home","item":"https:\/\/www.campmontana.ch\/it\/"},{"@type":"ListItem","position":2,"name":"FAQ"}]},{"@type":"WebSite","@id":"https:\/\/www.campmontana.ch\/it\/#website","url":"https:\/\/www.campmontana.ch\/it\/","name":"International Summer Camp Montana","description":"","potentialAction":[{"@type":"SearchAction","target":{"@type":"EntryPoint","urlTemplate":"https:\/\/www.campmontana.ch\/it\/?s={search_term_string}"},"query-input":{"@type":"PropertyValueSpecification","valueRequired":true,"valueName":"search_term_string"}}],"inLanguage":"it-IT"}]}},"_links":{"self":[{"href":"https:\/\/www.campmontana.ch\/it\/wp-json\/wp\/v2\/pages\/20695","targetHints":{"allow":["GET"]}}],"collection":[{"href":"https:\/\/www.campmontana.ch\/it\/wp-json\/wp\/v2\/pages"}],"about":[{"href":"https:\/\/www.campmontana.ch\/it\/wp-json\/wp\/v2\/types\/page"}],"author":[{"embeddable":true,"href":"https:\/\/www.campmontana.ch\/it\/wp-json\/wp\/v2\/users\/3"}],"replies":[{"embeddable":true,"href":"https:\/\/www.campmontana.ch\/it\/wp-json\/wp\/v2\/comments?post=20695"}],"version-history":[{"count":4,"href":"https:\/\/www.campmontana.ch\/it\/wp-json\/wp\/v2\/pages\/20695\/revisions"}],"predecessor-version":[{"id":22589,"href":"https:\/\/www.campmontana.ch\/it\/wp-json\/wp\/v2\/pages\/20695\/revisions\/22589"}],"wp:attachment":[{"href":"https:\/\/www.campmontana.ch\/it\/wp-json\/wp\/v2\/media?parent=20695"}],"curies":[{"name":"wp","href":"https:\/\/api.w.org\/{rel}","templated":true}]}}