{"id":20691,"date":"2019-03-29T13:50:47","date_gmt":"2019-03-29T13:50:47","guid":{"rendered":"https:\/\/www.campmontana.ch\/faq\/"},"modified":"2025-09-11T04:52:27","modified_gmt":"2025-09-11T04:52:27","slug":"faq","status":"publish","type":"page","link":"https:\/\/www.campmontana.ch\/fr\/faq\/","title":{"rendered":"FAQ"},"content":{"rendered":"<p>Bienvenue sur notre page FAQ (Foire aux questions). Si vous avez une autre question et que vous n&rsquo;avez pas trouv\u00e9 la r\u00e9ponse ici, n&rsquo;h\u00e9sitez pas \u00e0 nous contacter.<\/p>\n<ul>\n<li>\n<h4>Combien co\u00fbte une colonie de vacances ?<\/h4>\n<p>Les frais pour une session de trois semaines s&rsquo;\u00e9l\u00e8vent \u00e0 <strong>CHF 8&rsquo;200.- par campeur et par session.<\/strong> Le prix doit \u00eatre pay\u00e9 en francs suisses. Ce prix comprend la pension compl\u00e8te, les activit\u00e9s sportives et de loisirs (y compris l&rsquo;\u00e9quipement), les excursions ainsi que l&rsquo;encadrement et l&rsquo;instruction pour ces activit\u00e9s, le service de blanchisserie, les draps et les services de l&rsquo;infirmerie du camp.<\/p>\n<p>Le prix <strong>ne couvre pas les d\u00e9placements vers et depuis le lieu du camp, les d\u00e9penses personnelles, les primes d&rsquo;assurance, les cours de langue (CHF 300.- de suppl\u00e9ment par session) et tout traitement m\u00e9dical dispens\u00e9 en dehors de l&rsquo;infirmerie du camp.<\/strong> Toute journ\u00e9e suppl\u00e9mentaire au camp sera factur\u00e9e CHF 410.-.<\/p>\n<p>Le prix de la session <strong>Sunrise est de CHF 5&rsquo;530.-, par campeur<\/strong> (la randonn\u00e9e de nuit et l&rsquo;\u00e9quitation ne sont pas propos\u00e9es).<\/li>\n<li>\n<h4>Quel \u00e2ge faut-il avoir pour partir en colonie de vacances ?<\/h4>\n<p>La section la plus jeune du camp est la section \u00ab\u00a0Rookie\u00a0\u00bb, qui s&rsquo;adresse aux enfants \u00e2g\u00e9s de 8 \u00e0 11 ans. Il se peut que certains enfants inscrits n&rsquo;aient pas encore atteint l&rsquo;\u00e2ge de 8 ans, mais cela est laiss\u00e9 \u00e0 l&rsquo;appr\u00e9ciation du propri\u00e9taire du camp, des directeurs et du moniteur en chef de la section des d\u00e9butants. Nous pensons qu&rsquo;il n&rsquo;y a pas d&rsquo;\u00e2ge id\u00e9al pour participer \u00e0 un camp de vacances, mais en g\u00e9n\u00e9ral, plus les enfants et les adolescents sont jeunes, mieux ils seront pr\u00e9par\u00e9s \u00e0 l&rsquo;avenir \u00e0 vivre loin de chez eux.<\/li>\n<li>\n<h4>Pourquoi les colonies de vacances sont-elles importantes ?<\/h4>\n<p>Nous pensons que chaque enfant et adolescent peut trouver du plaisir et un d\u00e9fi en participant \u00e0 l&rsquo;International Summer Camp Montana en Suisse. Nous esp\u00e9rons que chaque enfant aura l&rsquo;occasion d&rsquo;\u00e9largir ses horizons, en rencontrant des personnes de pays diff\u00e9rents et de milieux vari\u00e9s. La combinaison d&rsquo;activit\u00e9s r\u00e9cr\u00e9atives, \u00e9ducatives et sociales propos\u00e9es dans le programme permet \u00e0 chaque campeur de se d\u00e9passer dans un environnement s\u00fbr et sans jugement. En respectant les autres, nos campeurs d\u00e9veloppent une meilleure compr\u00e9hension de la citoyennet\u00e9 mondiale responsable. Tous ces facteurs, ainsi que le d\u00e9veloppement des comp\u00e9tences du 21e si\u00e8cle, font de la participation au Summer Camp Montana une exp\u00e9rience gratifiante et enrichissante.<\/li>\n<li>\n<h4>Comment pr\u00e9parer mon enfant \u00e0 la colonie de vacances ?<\/h4>\n<p>Il n&rsquo;y a pas de bonne ou de mauvaise fa\u00e7on de se pr\u00e9parer \u00e0 un \u00e9t\u00e9 dans un camp en Suisse. Nous sommes ravis d&rsquo;accueillir chaque \u00e9t\u00e9 \u00e0 Crans-Montana des enfants et des adolescents de plus de 50 pays et de cr\u00e9er pour eux un environnement s\u00fbr, amical et heureux. Pour certains enfants, il peut \u00eatre plus difficile de s&rsquo;adapter \u00e0 un nouvel environnement. De plus, il peut \u00eatre difficile pour certains parents d&rsquo;\u00eatre sans leurs enfants. Nous vous recommandons donc de leur parler avant qu&rsquo;ils ne partent.<\/p>\n<p>Nous avons une \u00e9quipe incroyable qui est l\u00e0 pour aider et soutenir l&rsquo;adaptation de chaque campeur \u00e0 la vie du camp et nous comprenons qu&rsquo;il n&rsquo;y a pas deux enfants identiques lorsqu&rsquo;il s&rsquo;agit de s&rsquo;installer. Cependant, gr\u00e2ce \u00e0 la libert\u00e9, \u00e0 l&rsquo;espace et \u00e0 l&rsquo;environnement sans pression, nous pensons qu&rsquo;avec le temps, chaque campeur trouvera son niveau de confort en Suisse.<\/p>\n<p>Pour le reste, veuillez suivre la liste des v\u00eatements que l&rsquo;on sugg\u00e8re pour vous assurer qu&rsquo;ils mettent les bonnes choses dans leur valise !<\/li>\n<li>\n<h4>Que dois-je apporter en colonie de vacances ? et que dois-je \u00e9viter ?<\/h4>\n<p><a href=\"https:\/\/www.campmontana.ch\/fr\/clothing-and-equipment-list\/\">Liste des v\u00eatements et de l&rsquo;\u00e9quipement<\/a><br \/>\n<a href=\"\/fr\/liste-vetements-et-equipements\/\">Liste des v\u00eatements et d&rsquo;\u00e9quipement<\/a><\/li>\n<li>\n<h4>Que dois-je apporter \u00e0 un cours de langue au Camp ?<\/h4>\n<p>Les campeurs n&rsquo;ont pas besoin d&rsquo;apporter quoi que ce soit de sp\u00e9cial pour les cours de langue auxquels ils sont inscrits. International Summer Camp Montana fournit les manuels, le mat\u00e9riel, la papeterie et toute autre documentation acad\u00e9mique dont l&rsquo;\u00e9tudiant a besoin pour participer au programme linguistique. Nous recommandons simplement que l&rsquo;\u00e9tudiant ait la volont\u00e9 d&rsquo;apprendre et de participer \u00e0 chaque cours !<\/li>\n<li>\n<h4>Combien d&rsquo;enfants vont au camp d&rsquo;\u00e9t\u00e9 de Montana ?<\/h4>\n<p>L&rsquo;International Summer Camp Montana accueille r\u00e9guli\u00e8rement environ 330 enfants et adolescents dans son camp en Suisse \u00e0 chaque session. Cela signifie qu&rsquo;au cours de notre saison d&rsquo;\u00e9t\u00e9, nous accueillons environ 990 enfants du monde entier dans notre camp de Crans-Montana.<\/li>\n<li>\n<h4>A quelle heure mon enfant doit-il arriver \u00e0 l&rsquo;a\u00e9roport de Gen\u00e8ve le jour de son arriv\u00e9e ?<\/h4>\n<p>Nous recommandons que votre enfant arrive \u00e0 Gen\u00e8ve le dimanche matin. Ainsi, il arrivera au camp dans l&rsquo;apr\u00e8s-midi et pourra s&rsquo;orienter pendant la journ\u00e9e. Bien entendu, nous pouvons nous adapter \u00e0 la plupart des heures d&rsquo;arriv\u00e9e, mais le matin serait le plus b\u00e9n\u00e9fique pour votre enfant.<\/li>\n<li>\n<h4>\u00c0 quelle heure dois-je r\u00e9server le vol de retour de mon enfant le jour du d\u00e9part ?<\/h4>\n<p>Votre enfant quittera le camp environ 5 heures avant l&rsquo;heure de son vol. Nous recommandons si possible de r\u00e9server un vol entre midi et le milieu de l&rsquo;apr\u00e8s-midi.<\/li>\n<li>\n<h4>A quelle heure dois-je arriver au camp avec mon enfant le jour de l&rsquo;arriv\u00e9e ?<\/h4>\n<p>Nous vous recommandons d&rsquo;arriver avec votre enfant le matin du jour d&rsquo;arriv\u00e9e. Vous pourrez ainsi participer \u00e0 la visite du camp et rencontrer l&rsquo;animateur du groupe de votre enfant.<\/li>\n<li>\n<h4>A quelle heure dois-je venir chercher mon enfant le jour du d\u00e9part ?<\/h4>\n<p>Nous vous recommandons de venir chercher votre enfant le matin du jour de d\u00e9part, car la plupart des enfants seront r\u00e9cup\u00e9r\u00e9s \u00e0 midi. Si vous ne pouvez pas r\u00e9cup\u00e9rer votre enfant avant la fin de l&rsquo;apr\u00e8s-midi, veuillez nous en informer.<\/li>\n<li>\n<h4>Mon enfant doit-il apporter un \u00e9quipement sportif ?<\/h4>\n<p>L&rsquo;\u00e9quipement sportif pour chaque activit\u00e9 est fourni par le camp. Les enfants peuvent apporter leurs propres bottes d&rsquo;\u00e9quitation ou leur raquette de tennis, mais cela est facultatif.<\/li>\n<li>\n<h4>Comment envoyer du courrier \u00e0 mon enfant ?<\/h4>\n<p>Les enfants adorent recevoir du courrier. Vous pouvez donc envoyer des lettres \u00e0 l&rsquo;adresse suivante.<br \/>\n<a href=\"mailto:admin@campmontana.ch\">admin@campmontana.ch<\/a><br \/>\nVeuillez indiquer le nom complet de votre enfant sur le courrier. Tout courrier sera transmis \u00e0 votre enfant \u00e0 l&rsquo;heure du repas.<\/p>\n<p>Les colis peuvent \u00eatre envoy\u00e9s \u00e0 l&rsquo;adresse suivante : veuillez indiquer le nom complet du campeur sur le colis.<\/p>\n<p>Nom du campeur<br \/>\nc\/o ISCM SA<br \/>\nRoute de la Moubra 43<br \/>\n3963 Crans-Montana<br \/>\nSwitzerland<\/li>\n<li>\n<h4>Mon enfant peut-il avoir acc\u00e8s \u00e0 Internet ?<\/h4>\n<p>L&rsquo;International Summer Camp Montana a pris la d\u00e9cision d\u00e9lib\u00e9r\u00e9e de mettre \u00e0 la disposition de ses campeurs un r\u00e9seau Wifi s\u00e9curis\u00e9 (\u00e0 des heures restreintes). Nous comprenons l&rsquo;importance de la technologie pour garder les familles connect\u00e9es et nous avons donc d\u00e9cid\u00e9 de donner \u00e0 nos campeurs un acc\u00e8s \u00e0 Internet. Les horaires de disponibilit\u00e9 du Wifi pour chaque section peuvent \u00eatre consult\u00e9s dans les sections suivantes.<br \/>\nToutefois, nous recommandons vivement de ne pas apporter au camp des appareils tels que des tablettes, des ordinateurs portables, des t\u00e9l\u00e9phones co\u00fbteux et des jeux informatiques portables. Nous vous prions de d\u00e9courager vos enfants d&rsquo;utiliser l&rsquo;Internet en \u00ab\u00a0itin\u00e9rance\u00a0\u00bb sur leurs appareils compatibles avec l&rsquo;Internet, car cela pourrait s&rsquo;av\u00e9rer co\u00fbteux.<\/li>\n<li>\n<h4>Horaires d&rsquo;acc\u00e8s au t\u00e9l\u00e9phone portable et au Wifi pour les campeurs :<\/h4>\n<p><strong>Rookies :<\/strong> sont autoris\u00e9s \u00e0 utiliser des t\u00e9l\u00e9phones portables, mais uniquement pendant la p\u00e9riode de repos (de 13h00 \u00e0 14h00). Pendant cette p\u00e9riode, les campeurs auront \u00e9galement acc\u00e8s \u00e0 un r\u00e9seau Wifi s\u00e9curis\u00e9. Le reste de la journ\u00e9e, les t\u00e9l\u00e9phones portables sont \u00e9teints et enferm\u00e9s dans le coffre-fort de la chambre de chaque campeur.<\/p>\n<p><strong>Champions :<\/strong> sont autoris\u00e9s \u00e0 utiliser des t\u00e9l\u00e9phones portables, mais uniquement pendant la p\u00e9riode de repos (de 13h00 \u00e0 14h00). Pendant cette p\u00e9riode, les campeurs Champion auront \u00e9galement acc\u00e8s \u00e0 un r\u00e9seau Wifi s\u00e9curis\u00e9. Le reste de la journ\u00e9e, les t\u00e9l\u00e9phones portables sont \u00e9teints et enferm\u00e9s dans le coffre-fort de la chambre de chaque campeur.<\/p>\n<p><strong>Seniors :<\/strong> sont autoris\u00e9s \u00e0 utiliser des t\u00e9l\u00e9phones portables, mais uniquement pendant la sieste (de 13 h 45 \u00e0 14 h 50) et le temps libre (de 17 h 30 \u00e0 19 h 30). Les seniors pourront acc\u00e9der \u00e0 une connexion Wifi s\u00e9curis\u00e9e de 13 h 45 \u00e0 14 h 50 et de 17 h 30 \u00e0 19 h 30. Le reste de la journ\u00e9e, les t\u00e9l\u00e9phones portables sont \u00e9teints et enferm\u00e9s dans le coffre-fort de la chambre de chaque campeur.<\/li>\n<li>\n<h4>Quelles sont les heures de repas au camp ?<\/h4>\n<table border=\"1\">\n<tbody>\n<tr>\n<td><\/td>\n<td>\u00a0<strong>Petit d\u00e9jeuner<\/strong><\/td>\n<td><strong>D\u00e9jeuner<\/strong><\/td>\n<td><strong>D\u00eener<\/strong><\/td>\n<\/tr>\n<tr>\n<td><strong>Rookies<\/strong><\/td>\n<td>07h45<\/td>\n<td>12h00<\/td>\n<td>18h00<\/td>\n<\/tr>\n<tr>\n<td><strong>Champions<\/strong><\/td>\n<td>08h15<\/td>\n<td>12h35<\/td>\n<td>18h45<\/td>\n<\/tr>\n<tr>\n<td><strong>Seniors<\/strong><\/td>\n<td>09h00<\/td>\n<td>13h15<\/td>\n<td>19h35<\/td>\n<\/tr>\n<\/tbody>\n<\/table>\n<\/li>\n<li>\n<h4>Combien d&rsquo;heures de langues mon enfant aura-t-il par semaine ?<\/h4>\n<p>Les cours de langue durent 50 minutes par jour, 5 jours par semaine. Les campeurs passeront un petit test de placement au d\u00e9but de la session afin de les placer dans le cours correspondant \u00e0 leurs capacit\u00e9s.<\/li>\n<li>\n<h4>De combien d&rsquo;argent mon enfant doit-il disposer pour l&rsquo;argent de poche ?<\/h4>\n<p>Le montant sugg\u00e9r\u00e9 d&rsquo;argent de poche pour une session de 3 semaines est de<\/p>\n<p>Rookies\u00a0 \u00a0 \u00a0 \u00a0 \u00a0 \u00a0 \u00a0 \u00a0 CHF 120.\u2013<\/p>\n<p>Champions\u00a0 \u00a0 \u00a0 \u00a0 \u00a0 \u00a0CHF 200.\u2013<\/p>\n<p>Seniors\u00a0 \u00a0 \u00a0 \u00a0 \u00a0 \u00a0 \u00a0 \u00a0 \u00a0 CHF 200.\u2013<\/p>\n<p>Vous pouvez envoyer plus que le montant sugg\u00e9r\u00e9 si vous le souhaitez.<\/li>\n<li>\n<h4>Comment puis-je envoyer de l&rsquo;argent de poche suppl\u00e9mentaire \u00e0 mon enfant ?<\/h4>\n<p>Vous pouvez envoyer un virement bancaire \u00e0 International Summer camp en indiquant le nom de votre enfant comme r\u00e9f\u00e9rence de paiement.<br \/>\nVous devrez nous envoyer par courriel une copie du virement bancaire et nous pourrons alors faire parvenir l&rsquo;argent \u00e0 votre enfant imm\u00e9diatement. Veuillez noter que si nous ne recevons pas de copie du virement, nous ne pourrons pas faire parvenir l&rsquo;argent \u00e0 votre enfant tant que nous n&rsquo;aurons pas re\u00e7u de confirmation de notre banque.<\/li>\n<li>\n<h4>Puis-je payer en dollars am\u00e9ricains, en euros ou en livres sterling ?<\/h4>\n<p>Oui, vous pouvez payer dans ces devises. Veuillez consulter votre banque pour conna\u00eetre le taux de change du jour.<\/li>\n<li>\n<h4>Quel taux de change dois-je utiliser ?<\/h4>\n<p>Le taux de change changeant quotidiennement, nous vous recommandons de v\u00e9rifier le taux du jour aupr\u00e8s de votre banque.<\/li>\n<li>\n<h4>Demande de chambre<\/h4>\n<p>La demande de chambre doit \u00eatre faite par \u00e9crit et par courriel. Les campeurs peuvent demander \u00e0 partager leur chambre avec un autre campeur de la m\u00eame section qu&rsquo;eux.<\/li>\n<li>\n<h4>Visas pour la Suisse<\/h4>\n<p>Veuillez vous adresser au consulat ou \u00e0 l&rsquo;ambassade de Suisse de votre pays pour obtenir les documents n\u00e9cessaires \u00e0 l&rsquo;entr\u00e9e en Suisse. Nous pouvons fournir une lettre d&rsquo;invitation pour votre enfant si n\u00e9cessaire, veuillez contacter notre administration \u00e0 ce sujet.<br \/>\nVeuillez \u00e9galement vous assurer que votre enfant poss\u00e8de le visa n\u00e9cessaire pour entrer dans le pays qu&rsquo;il visitera apr\u00e8s son s\u00e9jour \u00e0 la colonie de vacances Montana.<\/li>\n<li>\n<h4>Combien de campeurs par chambre ?<\/h4>\n<p>Pour les champions et les seniors, il y a 4 campeurs par chambre. Pour les rookies, il y a des chambres de 4, 6 et 8 campeurs.<\/li>\n<li>\n<h4>Temps de visite<\/h4>\n<p>Les campeurs peuvent recevoir des visiteurs de 17h00 \u00e0 18h00. Pour toute visite en dehors de cette p\u00e9riode, veuillez contacter l&rsquo;administration.<\/li>\n<\/ul>\n","protected":false},"excerpt":{"rendered":"<p>Bienvenue sur notre page FAQ (Foire aux questions). Si vous avez une autre question et que vous n&rsquo;avez pas trouv\u00e9 la r\u00e9ponse ici, n&rsquo;h\u00e9sitez pas \u00e0 nous contacter. Combien co\u00fbte une colonie de vacances ? Les frais pour une session de trois semaines s&rsquo;\u00e9l\u00e8vent \u00e0 CHF 8&rsquo;200.- par campeur et par session. Le prix doit [&hellip;]<\/p>\n","protected":false},"author":3,"featured_media":0,"parent":0,"menu_order":0,"comment_status":"closed","ping_status":"closed","template":"","meta":{"content-type":"","footnotes":""},"class_list":["post-20691","page","type-page","status-publish","hentry"],"yoast_head":"<!-- This site is optimized with the Yoast SEO plugin v27.1 - https:\/\/yoast.com\/product\/yoast-seo-wordpress\/ -->\n<title>Questions et r\u00e9ponses concernant le camp d&#039;\u00e9t\u00e9 de Montana - FAQ<\/title>\n<meta name=\"description\" content=\"FAQ - Les gens se posent aussi des questions. Une liste de questions et de r\u00e9ponses sur les camps d&#039;\u00e9t\u00e9 du Montana, en particulier une liste d&#039;informations de base pour les campeurs et les parents.\" \/>\n<meta name=\"robots\" content=\"index, follow, max-snippet:-1, max-image-preview:large, max-video-preview:-1\" \/>\n<link rel=\"canonical\" href=\"https:\/\/www.campmontana.ch\/fr\/faq\/\" \/>\n<meta property=\"og:locale\" content=\"fr_FR\" \/>\n<meta property=\"og:type\" content=\"article\" \/>\n<meta property=\"og:title\" content=\"Questions et r\u00e9ponses concernant le camp d&#039;\u00e9t\u00e9 de Montana - FAQ\" \/>\n<meta property=\"og:description\" content=\"FAQ - Les gens se posent aussi des questions. Une liste de questions et de r\u00e9ponses sur les camps d&#039;\u00e9t\u00e9 du Montana, en particulier une liste d&#039;informations de base pour les campeurs et les parents.\" \/>\n<meta property=\"og:url\" content=\"https:\/\/www.campmontana.ch\/fr\/faq\/\" \/>\n<meta property=\"og:site_name\" content=\"International Summer Camp Montana\" \/>\n<meta property=\"article:publisher\" content=\"https:\/\/www.facebook.com\/summercampmontana\/\" \/>\n<meta property=\"article:modified_time\" content=\"2025-09-11T04:52:27+00:00\" \/>\n<meta name=\"twitter:card\" content=\"summary_large_image\" \/>\n<meta name=\"twitter:site\" content=\"@iscmtweets\" \/>\n<meta name=\"twitter:label1\" content=\"Dur\u00e9e de lecture estim\u00e9e\" \/>\n\t<meta name=\"twitter:data1\" content=\"8 minutes\" \/>\n<script type=\"application\/ld+json\" class=\"yoast-schema-graph\">{\"@context\":\"https:\/\/schema.org\",\"@graph\":[{\"@type\":\"WebPage\",\"@id\":\"https:\/\/www.campmontana.ch\/fr\/faq\/\",\"url\":\"https:\/\/www.campmontana.ch\/fr\/faq\/\",\"name\":\"Questions et r\u00e9ponses concernant le camp d'\u00e9t\u00e9 de Montana - FAQ\",\"isPartOf\":{\"@id\":\"https:\/\/www.campmontana.ch\/fr\/#website\"},\"datePublished\":\"2019-03-29T13:50:47+00:00\",\"dateModified\":\"2025-09-11T04:52:27+00:00\",\"description\":\"FAQ - Les gens se posent aussi des questions. Une liste de questions et de r\u00e9ponses sur les camps d'\u00e9t\u00e9 du Montana, en particulier une liste d'informations de base pour les campeurs et les parents.\",\"breadcrumb\":{\"@id\":\"https:\/\/www.campmontana.ch\/fr\/faq\/#breadcrumb\"},\"inLanguage\":\"fr-FR\",\"potentialAction\":[{\"@type\":\"ReadAction\",\"target\":[\"https:\/\/www.campmontana.ch\/fr\/faq\/\"]}]},{\"@type\":\"BreadcrumbList\",\"@id\":\"https:\/\/www.campmontana.ch\/fr\/faq\/#breadcrumb\",\"itemListElement\":[{\"@type\":\"ListItem\",\"position\":1,\"name\":\"Home\",\"item\":\"https:\/\/www.campmontana.ch\/fr\/\"},{\"@type\":\"ListItem\",\"position\":2,\"name\":\"FAQ\"}]},{\"@type\":\"WebSite\",\"@id\":\"https:\/\/www.campmontana.ch\/fr\/#website\",\"url\":\"https:\/\/www.campmontana.ch\/fr\/\",\"name\":\"International Summer Camp Montana\",\"description\":\"\",\"potentialAction\":[{\"@type\":\"SearchAction\",\"target\":{\"@type\":\"EntryPoint\",\"urlTemplate\":\"https:\/\/www.campmontana.ch\/fr\/?s={search_term_string}\"},\"query-input\":{\"@type\":\"PropertyValueSpecification\",\"valueRequired\":true,\"valueName\":\"search_term_string\"}}],\"inLanguage\":\"fr-FR\"}]}<\/script>\n<!-- \/ Yoast SEO plugin. -->","yoast_head_json":{"title":"Questions et r\u00e9ponses concernant le camp d'\u00e9t\u00e9 de Montana - FAQ","description":"FAQ - Les gens se posent aussi des questions. Une liste de questions et de r\u00e9ponses sur les camps d'\u00e9t\u00e9 du Montana, en particulier une liste d'informations de base pour les campeurs et les parents.","robots":{"index":"index","follow":"follow","max-snippet":"max-snippet:-1","max-image-preview":"max-image-preview:large","max-video-preview":"max-video-preview:-1"},"canonical":"https:\/\/www.campmontana.ch\/fr\/faq\/","og_locale":"fr_FR","og_type":"article","og_title":"Questions et r\u00e9ponses concernant le camp d'\u00e9t\u00e9 de Montana - FAQ","og_description":"FAQ - Les gens se posent aussi des questions. Une liste de questions et de r\u00e9ponses sur les camps d'\u00e9t\u00e9 du Montana, en particulier une liste d'informations de base pour les campeurs et les parents.","og_url":"https:\/\/www.campmontana.ch\/fr\/faq\/","og_site_name":"International Summer Camp Montana","article_publisher":"https:\/\/www.facebook.com\/summercampmontana\/","article_modified_time":"2025-09-11T04:52:27+00:00","twitter_card":"summary_large_image","twitter_site":"@iscmtweets","twitter_misc":{"Dur\u00e9e de lecture estim\u00e9e":"8 minutes"},"schema":{"@context":"https:\/\/schema.org","@graph":[{"@type":"WebPage","@id":"https:\/\/www.campmontana.ch\/fr\/faq\/","url":"https:\/\/www.campmontana.ch\/fr\/faq\/","name":"Questions et r\u00e9ponses concernant le camp d'\u00e9t\u00e9 de Montana - FAQ","isPartOf":{"@id":"https:\/\/www.campmontana.ch\/fr\/#website"},"datePublished":"2019-03-29T13:50:47+00:00","dateModified":"2025-09-11T04:52:27+00:00","description":"FAQ - Les gens se posent aussi des questions. Une liste de questions et de r\u00e9ponses sur les camps d'\u00e9t\u00e9 du Montana, en particulier une liste d'informations de base pour les campeurs et les parents.","breadcrumb":{"@id":"https:\/\/www.campmontana.ch\/fr\/faq\/#breadcrumb"},"inLanguage":"fr-FR","potentialAction":[{"@type":"ReadAction","target":["https:\/\/www.campmontana.ch\/fr\/faq\/"]}]},{"@type":"BreadcrumbList","@id":"https:\/\/www.campmontana.ch\/fr\/faq\/#breadcrumb","itemListElement":[{"@type":"ListItem","position":1,"name":"Home","item":"https:\/\/www.campmontana.ch\/fr\/"},{"@type":"ListItem","position":2,"name":"FAQ"}]},{"@type":"WebSite","@id":"https:\/\/www.campmontana.ch\/fr\/#website","url":"https:\/\/www.campmontana.ch\/fr\/","name":"International Summer Camp Montana","description":"","potentialAction":[{"@type":"SearchAction","target":{"@type":"EntryPoint","urlTemplate":"https:\/\/www.campmontana.ch\/fr\/?s={search_term_string}"},"query-input":{"@type":"PropertyValueSpecification","valueRequired":true,"valueName":"search_term_string"}}],"inLanguage":"fr-FR"}]}},"_links":{"self":[{"href":"https:\/\/www.campmontana.ch\/fr\/wp-json\/wp\/v2\/pages\/20691","targetHints":{"allow":["GET"]}}],"collection":[{"href":"https:\/\/www.campmontana.ch\/fr\/wp-json\/wp\/v2\/pages"}],"about":[{"href":"https:\/\/www.campmontana.ch\/fr\/wp-json\/wp\/v2\/types\/page"}],"author":[{"embeddable":true,"href":"https:\/\/www.campmontana.ch\/fr\/wp-json\/wp\/v2\/users\/3"}],"replies":[{"embeddable":true,"href":"https:\/\/www.campmontana.ch\/fr\/wp-json\/wp\/v2\/comments?post=20691"}],"version-history":[{"count":4,"href":"https:\/\/www.campmontana.ch\/fr\/wp-json\/wp\/v2\/pages\/20691\/revisions"}],"predecessor-version":[{"id":22587,"href":"https:\/\/www.campmontana.ch\/fr\/wp-json\/wp\/v2\/pages\/20691\/revisions\/22587"}],"wp:attachment":[{"href":"https:\/\/www.campmontana.ch\/fr\/wp-json\/wp\/v2\/media?parent=20691"}],"curies":[{"name":"wp","href":"https:\/\/api.w.org\/{rel}","templated":true}]}}