{"id":18616,"date":"2019-03-29T14:57:52","date_gmt":"2019-03-29T14:57:52","guid":{"rendered":"https:\/\/www.campmontana.ch\/liste-des-vetements-et-de-lequipement\/"},"modified":"2024-01-17T05:48:49","modified_gmt":"2024-01-17T05:48:49","slug":"liste-vetements-et-equipements","status":"publish","type":"page","link":"https:\/\/www.campmontana.ch\/fr\/liste-vetements-et-equipements\/","title":{"rendered":"Liste des v\u00eatements et d&rsquo;\u00e9quipement"},"content":{"rendered":"<table>\n<tbody>\n<tr>\n<td width=\"316\">\n<h3><strong>Gar\u00e7ons<\/strong><\/h3>\n<\/td>\n<td width=\"316\">\n<h3><strong>Filles<\/strong><\/h3>\n<\/td>\n<\/tr>\n<tr>\n<td width=\"316\">1 paire de pantalons, veste\/blouson<\/td>\n<td width=\"316\">2 robes ou jupes<\/td>\n<\/tr>\n<tr>\n<td width=\"316\">2 paires de jeans<\/td>\n<td width=\"316\">2 paires de pantalons<\/td>\n<\/tr>\n<tr>\n<td width=\"316\">2 shorts<\/td>\n<td width=\"316\">2 paires de jeans<\/td>\n<\/tr>\n<tr>\n<td width=\"316\">3 t-shirts de sport<\/td>\n<td width=\"316\">2 shorts<\/td>\n<\/tr>\n<tr>\n<td width=\"316\">2 chemises habill\u00e9es<\/td>\n<td width=\"316\">3 t-shirts de sport<\/td>\n<\/tr>\n<tr>\n<td width=\"316\">5 T-shirts<\/td>\n<td width=\"316\">3 chemisiers<\/td>\n<\/tr>\n<tr>\n<td width=\"316\">6 slips<\/td>\n<td width=\"316\">5 T-shirts<\/td>\n<\/tr>\n<tr>\n<td width=\"316\">2 pulls<\/td>\n<td width=\"316\">6 culottes<\/td>\n<\/tr>\n<tr>\n<td width=\"316\">2 costumes de bain<\/td>\n<td width=\"316\">2 pulls<\/td>\n<\/tr>\n<tr>\n<td width=\"316\">6 paires de chaussettes<\/td>\n<td width=\"316\">2 maillots de bain<\/td>\n<\/tr>\n<tr>\n<td width=\"316\"><\/td>\n<td width=\"316\">6 paires de chaussettes<\/td>\n<\/tr>\n<tr>\n<td width=\"316\"><\/td>\n<td width=\"316\"><\/td>\n<\/tr>\n<tr>\n<td width=\"316\">\n<h3><strong>Pour tous<\/strong><\/h3>\n<\/td>\n<td width=\"316\">\n<h3><strong>Facultatif<\/strong><\/h3>\n<\/td>\n<\/tr>\n<tr>\n<td width=\"316\">1 K-Way ou p\u00e8lerine<\/td>\n<td width=\"316\">Raquette de ping-pong<\/td>\n<\/tr>\n<tr>\n<td width=\"316\">1 Training<\/td>\n<td width=\"316\">Raquette de tennis<\/td>\n<\/tr>\n<tr>\n<td width=\"316\">Casquette<\/td>\n<td width=\"316\">Gants, pantalons, bottes et casque<\/td>\n<\/tr>\n<tr>\n<td width=\"316\">Cr\u00e8me solaire haute protection<\/td>\n<td width=\"316\">d&rsquo;\u00e9quitation<\/td>\n<\/tr>\n<tr>\n<td width=\"316\">1 pullover chaud<\/td>\n<td width=\"316\">Appareil photo<\/td>\n<\/tr>\n<tr>\n<td width=\"316\">2 pyjamas<\/td>\n<td width=\"316\"><\/td>\n<\/tr>\n<tr>\n<td width=\"316\">1 paire de basket<\/td>\n<td width=\"316\"><\/td>\n<\/tr>\n<tr>\n<td width=\"316\">1 paire de chaussures de marche<\/td>\n<td width=\"316\"><\/td>\n<\/tr>\n<tr>\n<td width=\"316\">1 paire de chaussures de ville<\/td>\n<td width=\"316\"><\/td>\n<\/tr>\n<tr>\n<td width=\"316\">Mouchoirs<\/td>\n<td width=\"316\"><\/td>\n<\/tr>\n<tr>\n<td width=\"316\">3 serviettes (2 serviettes de bain et 1 serviette pour la piscine)<\/td>\n<td width=\"316\"><\/td>\n<\/tr>\n<tr>\n<td width=\"316\">Savon\/gel douche<\/td>\n<td width=\"316\"><\/td>\n<\/tr>\n<tr>\n<td width=\"316\">Shampooing<\/td>\n<td width=\"316\"><\/td>\n<\/tr>\n<tr>\n<td width=\"316\">Brosse \u00e0 dents et dentifrice<\/td>\n<td width=\"316\"><\/td>\n<\/tr>\n<tr>\n<td width=\"316\">Brosse et peigne, lime \u00e0 ongles<\/td>\n<td width=\"316\"><\/td>\n<\/tr>\n<tr>\n<td width=\"316\">Crayon, stylo et papier \u00e0 lettre<\/td>\n<td width=\"316\"><\/td>\n<\/tr>\n<tr>\n<td width=\"316\">Un sac de linge sera fourni \u00e0 l\u2019arriv\u00e9e<\/td>\n<td width=\"316\"><\/td>\n<\/tr>\n<\/tbody>\n<\/table>\n<p>&nbsp;<\/p>\n<p><strong>Chaque \u00e9l\u00e8ve recevra gratuitement un sac \u00e0 dos et une gourde du camp.<\/strong><\/p>\n<p>La liste ci-dessus est une suggestion mais les parents peuvent choisir d&rsquo;autres v\u00eatements.\u00a0 Comme le linge peut \u00eatre donn\u00e9 \u00e0 laver chaque jour (sauf le dimanche) et que la place dans les armoires est limit\u00e9e, nous vous conseillons de n&rsquo;apporter <strong>qu&rsquo;une valise<\/strong> et <strong>un sac de voyage<\/strong>.<\/p>\n<p><strong>Chaque objet doit \u00eatre marqu\u00e9 avec le num\u00e9ro attribu\u00e9 et fourni par le camp.<\/strong>\u00a0 Nous vous conseillons d&rsquo;\u00e9tablir une liste de tous les objets apport\u00e9s et de la coller \u00e0 l&rsquo;int\u00e9rieur de la valise.\u00a0 Nous prenons toutes les pr\u00e9cautions contre le vol, mais le camp n&rsquo;est pas responsable du dommage ou de la perte des objets personnels quand il s&rsquo;agit de n\u00e9gligence de la part de l&rsquo;\u00e9l\u00e8ve.<\/p>\n","protected":false},"excerpt":{"rendered":"<p>Gar\u00e7ons Filles 1 paire de pantalons, veste\/blouson 2 robes ou jupes 2 paires de jeans 2 paires de pantalons 2 shorts 2 paires de jeans 3 t-shirts de sport 2 shorts 2 chemises habill\u00e9es 3 t-shirts de sport 5 T-shirts 3 chemisiers 6 slips 5 T-shirts 2 pulls 6 culottes 2 costumes de bain 2 [&hellip;]<\/p>\n","protected":false},"author":3,"featured_media":0,"parent":0,"menu_order":0,"comment_status":"closed","ping_status":"closed","template":"","meta":{"content-type":"","footnotes":""},"class_list":["post-18616","page","type-page","status-publish","hentry"],"yoast_head":"<!-- This site is optimized with the Yoast SEO plugin v27.1 - https:\/\/yoast.com\/product\/yoast-seo-wordpress\/ -->\n<title>Liste des v\u00eatements et d&#039;\u00e9quipement &#8211; International Summer Camp Montana<\/title>\n<meta name=\"robots\" content=\"index, follow, max-snippet:-1, max-image-preview:large, max-video-preview:-1\" \/>\n<link rel=\"canonical\" href=\"https:\/\/www.campmontana.ch\/fr\/liste-vetements-et-equipements\/\" \/>\n<meta property=\"og:locale\" content=\"fr_FR\" \/>\n<meta property=\"og:type\" content=\"article\" \/>\n<meta property=\"og:title\" content=\"Liste des v\u00eatements et d&#039;\u00e9quipement &#8211; International Summer Camp Montana\" \/>\n<meta property=\"og:description\" content=\"Gar\u00e7ons Filles 1 paire de pantalons, veste\/blouson 2 robes ou jupes 2 paires de jeans 2 paires de pantalons 2 shorts 2 paires de jeans 3 t-shirts de sport 2 shorts 2 chemises habill\u00e9es 3 t-shirts de sport 5 T-shirts 3 chemisiers 6 slips 5 T-shirts 2 pulls 6 culottes 2 costumes de bain 2 [&hellip;]\" \/>\n<meta property=\"og:url\" content=\"https:\/\/www.campmontana.ch\/fr\/liste-vetements-et-equipements\/\" \/>\n<meta property=\"og:site_name\" content=\"International Summer Camp Montana\" \/>\n<meta property=\"article:publisher\" content=\"https:\/\/www.facebook.com\/summercampmontana\/\" \/>\n<meta property=\"article:modified_time\" content=\"2024-01-17T05:48:49+00:00\" \/>\n<meta name=\"twitter:card\" content=\"summary_large_image\" \/>\n<meta name=\"twitter:site\" content=\"@iscmtweets\" \/>\n<meta name=\"twitter:label1\" content=\"Dur\u00e9e de lecture estim\u00e9e\" \/>\n\t<meta name=\"twitter:data1\" content=\"2 minutes\" \/>\n<script type=\"application\/ld+json\" class=\"yoast-schema-graph\">{\"@context\":\"https:\/\/schema.org\",\"@graph\":[{\"@type\":\"WebPage\",\"@id\":\"https:\/\/www.campmontana.ch\/fr\/liste-vetements-et-equipements\/\",\"url\":\"https:\/\/www.campmontana.ch\/fr\/liste-vetements-et-equipements\/\",\"name\":\"Liste des v\u00eatements et d'\u00e9quipement &#8211; International Summer Camp Montana\",\"isPartOf\":{\"@id\":\"https:\/\/www.campmontana.ch\/fr\/#website\"},\"datePublished\":\"2019-03-29T14:57:52+00:00\",\"dateModified\":\"2024-01-17T05:48:49+00:00\",\"breadcrumb\":{\"@id\":\"https:\/\/www.campmontana.ch\/fr\/liste-vetements-et-equipements\/#breadcrumb\"},\"inLanguage\":\"fr-FR\",\"potentialAction\":[{\"@type\":\"ReadAction\",\"target\":[\"https:\/\/www.campmontana.ch\/fr\/liste-vetements-et-equipements\/\"]}]},{\"@type\":\"BreadcrumbList\",\"@id\":\"https:\/\/www.campmontana.ch\/fr\/liste-vetements-et-equipements\/#breadcrumb\",\"itemListElement\":[{\"@type\":\"ListItem\",\"position\":1,\"name\":\"Home\",\"item\":\"https:\/\/www.campmontana.ch\/fr\/\"},{\"@type\":\"ListItem\",\"position\":2,\"name\":\"Liste des v\u00eatements et d&#8217;\u00e9quipement\"}]},{\"@type\":\"WebSite\",\"@id\":\"https:\/\/www.campmontana.ch\/fr\/#website\",\"url\":\"https:\/\/www.campmontana.ch\/fr\/\",\"name\":\"International Summer Camp Montana\",\"description\":\"\",\"potentialAction\":[{\"@type\":\"SearchAction\",\"target\":{\"@type\":\"EntryPoint\",\"urlTemplate\":\"https:\/\/www.campmontana.ch\/fr\/?s={search_term_string}\"},\"query-input\":{\"@type\":\"PropertyValueSpecification\",\"valueRequired\":true,\"valueName\":\"search_term_string\"}}],\"inLanguage\":\"fr-FR\"}]}<\/script>\n<!-- \/ Yoast SEO plugin. -->","yoast_head_json":{"title":"Liste des v\u00eatements et d'\u00e9quipement &#8211; International Summer Camp Montana","robots":{"index":"index","follow":"follow","max-snippet":"max-snippet:-1","max-image-preview":"max-image-preview:large","max-video-preview":"max-video-preview:-1"},"canonical":"https:\/\/www.campmontana.ch\/fr\/liste-vetements-et-equipements\/","og_locale":"fr_FR","og_type":"article","og_title":"Liste des v\u00eatements et d'\u00e9quipement &#8211; International Summer Camp Montana","og_description":"Gar\u00e7ons Filles 1 paire de pantalons, veste\/blouson 2 robes ou jupes 2 paires de jeans 2 paires de pantalons 2 shorts 2 paires de jeans 3 t-shirts de sport 2 shorts 2 chemises habill\u00e9es 3 t-shirts de sport 5 T-shirts 3 chemisiers 6 slips 5 T-shirts 2 pulls 6 culottes 2 costumes de bain 2 [&hellip;]","og_url":"https:\/\/www.campmontana.ch\/fr\/liste-vetements-et-equipements\/","og_site_name":"International Summer Camp Montana","article_publisher":"https:\/\/www.facebook.com\/summercampmontana\/","article_modified_time":"2024-01-17T05:48:49+00:00","twitter_card":"summary_large_image","twitter_site":"@iscmtweets","twitter_misc":{"Dur\u00e9e de lecture estim\u00e9e":"2 minutes"},"schema":{"@context":"https:\/\/schema.org","@graph":[{"@type":"WebPage","@id":"https:\/\/www.campmontana.ch\/fr\/liste-vetements-et-equipements\/","url":"https:\/\/www.campmontana.ch\/fr\/liste-vetements-et-equipements\/","name":"Liste des v\u00eatements et d'\u00e9quipement &#8211; International Summer Camp Montana","isPartOf":{"@id":"https:\/\/www.campmontana.ch\/fr\/#website"},"datePublished":"2019-03-29T14:57:52+00:00","dateModified":"2024-01-17T05:48:49+00:00","breadcrumb":{"@id":"https:\/\/www.campmontana.ch\/fr\/liste-vetements-et-equipements\/#breadcrumb"},"inLanguage":"fr-FR","potentialAction":[{"@type":"ReadAction","target":["https:\/\/www.campmontana.ch\/fr\/liste-vetements-et-equipements\/"]}]},{"@type":"BreadcrumbList","@id":"https:\/\/www.campmontana.ch\/fr\/liste-vetements-et-equipements\/#breadcrumb","itemListElement":[{"@type":"ListItem","position":1,"name":"Home","item":"https:\/\/www.campmontana.ch\/fr\/"},{"@type":"ListItem","position":2,"name":"Liste des v\u00eatements et d&#8217;\u00e9quipement"}]},{"@type":"WebSite","@id":"https:\/\/www.campmontana.ch\/fr\/#website","url":"https:\/\/www.campmontana.ch\/fr\/","name":"International Summer Camp Montana","description":"","potentialAction":[{"@type":"SearchAction","target":{"@type":"EntryPoint","urlTemplate":"https:\/\/www.campmontana.ch\/fr\/?s={search_term_string}"},"query-input":{"@type":"PropertyValueSpecification","valueRequired":true,"valueName":"search_term_string"}}],"inLanguage":"fr-FR"}]}},"_links":{"self":[{"href":"https:\/\/www.campmontana.ch\/fr\/wp-json\/wp\/v2\/pages\/18616","targetHints":{"allow":["GET"]}}],"collection":[{"href":"https:\/\/www.campmontana.ch\/fr\/wp-json\/wp\/v2\/pages"}],"about":[{"href":"https:\/\/www.campmontana.ch\/fr\/wp-json\/wp\/v2\/types\/page"}],"author":[{"embeddable":true,"href":"https:\/\/www.campmontana.ch\/fr\/wp-json\/wp\/v2\/users\/3"}],"replies":[{"embeddable":true,"href":"https:\/\/www.campmontana.ch\/fr\/wp-json\/wp\/v2\/comments?post=18616"}],"version-history":[{"count":3,"href":"https:\/\/www.campmontana.ch\/fr\/wp-json\/wp\/v2\/pages\/18616\/revisions"}],"predecessor-version":[{"id":18621,"href":"https:\/\/www.campmontana.ch\/fr\/wp-json\/wp\/v2\/pages\/18616\/revisions\/18621"}],"wp:attachment":[{"href":"https:\/\/www.campmontana.ch\/fr\/wp-json\/wp\/v2\/media?parent=18616"}],"curies":[{"name":"wp","href":"https:\/\/api.w.org\/{rel}","templated":true}]}}