{"id":20696,"date":"2019-03-29T13:50:47","date_gmt":"2019-03-29T13:50:47","guid":{"rendered":"https:\/\/www.campmontana.ch\/faq\/"},"modified":"2025-09-11T04:52:12","modified_gmt":"2025-09-11T04:52:12","slug":"faq","status":"publish","type":"page","link":"https:\/\/www.campmontana.ch\/es\/faq\/","title":{"rendered":"FAQ"},"content":{"rendered":"<p>Bienvenido a nuestra p\u00e1gina FAQ (Frequently Asked Questions), donde podr\u00e1 encontrar las respuestas a algunos temas candentes para padres y futuros campistas. Si tiene alguna otra pregunta y no ha encontrado la respuesta aqu\u00ed, p\u00f3ngase en contacto con nosotros.<\/p>\n<ul>\n<li style=\"list-style-type: none;\">\n<ul>\n<li>\n<h4>\u00bfCu\u00e1nto cuesta ir a un campamento de verano?<\/h4>\n<p>La cuota para una sesi\u00f3n de tres semanas es de <strong>CHF 8&#8217;200.- por campista, por sesi\u00f3n<\/strong>. La cuota debe abonarse en francos suizos. Esta cuota incluye la pensi\u00f3n completa, las actividades deportivas y de ocio (incluido el material), las excursiones, as\u00ed como el personal y la instrucci\u00f3n para estas actividades, el servicio de lavander\u00eda, la ropa de cama y los servicios de la enfermer\u00eda del campamento.<\/p>\n<p>La cuota <strong>no cubre el viaje de ida y vuelta al campamento, los gastos personales, las primas de seguro, los cursos de idiomas (CHF 300.- de coste adicional por sesi\u00f3n) y cualquier tratamiento m\u00e9dico dispensado fuera de la enfermer\u00eda del campamento.<\/strong> Cualquier d\u00eda adicional en el campamento se cobrar\u00e1 CHF 410.-.<\/p>\n<p>El precio de la sesi\u00f3n <strong>Sunrise es de CHF 5&#8217;530.-, por campista<\/strong> (No se ofrecen excursiones nocturnas ni paseos a caballo).<\/li>\n<li>\n<h4>\u00bfQu\u00e9 edad hay que tener para ir a un campamento de verano?<\/h4>\n<p>La secci\u00f3n m\u00e1s joven del campamento es la de \u00abRookies\u00bb, para ni\u00f1os de 8 a 11 a\u00f1os. Puede haber ni\u00f1os inscritos que a\u00fan no hayan cumplido los 8 a\u00f1os, pero esto queda a discreci\u00f3n del Propietario\/Director del Campamento y del Consejero Jefe de la secci\u00f3n de Rookies. Creemos que no hay una \u00abedad correcta\u00bb para el Campamento para dormir fuera de casa, pero en general cuanto m\u00e1s j\u00f3venes sean los ni\u00f1os y adolescentes, mejor preparados estar\u00e1n en el futuro para estar lejos de casa.<\/li>\n<li>\n<h4>\u00bfPor qu\u00e9 son importantes los campamentos de verano?<\/h4>\n<p>Creemos que cada ni\u00f1o y adolescente puede encontrar diversi\u00f3n y un desaf\u00edo asistiendo al Campamento Internacional de Verano Montana en Suiza. Esperamos que cada ni\u00f1o tenga la oportunidad de ampliar sus horizontes, conociendo a gente de diferentes pa\u00edses y or\u00edgenes. La combinaci\u00f3n de actividades recreativas, educativas y sociales que ofrece el programa permite a cada campista ponerse a prueba en un entorno seguro y libre de prejuicios. Al respetar a los dem\u00e1s, nuestros campistas desarrollan una mejor comprensi\u00f3n de la ciudadan\u00eda global responsable. Todos estos factores, as\u00ed como el desarrollo de sus habilidades para el siglo XXI, hacen que asistir al Campamento de Verano Montana sea una experiencia gratificante y enriquecedora.<\/li>\n<li>\n<h4>\u00bfC\u00f3mo preparo a mi hijo para un campamento de verano?<\/h4>\n<p>No hay una forma correcta o incorrecta de prepararse para un campamento de verano en Suiza. Estamos encantados de recibir cada verano en Crans-Montana a ni\u00f1os y adolescentes de m\u00e1s de 50 pa\u00edses y de crear un entorno seguro, agradable y feliz para todos ellos. Para algunos ni\u00f1os puede ser m\u00e1s dif\u00edcil adaptarse a un nuevo entorno. Adem\u00e1s, para algunos padres tambi\u00e9n puede ser duro estar sin sus hijos, por lo que les recomendamos que hablen con ellos antes de que se vayan.<\/p>\n<p>Tenemos un personal incre\u00edble que est\u00e1 aqu\u00ed para ayudar y apoyar la adaptaci\u00f3n de cada Campista a la vida del Campamento y entender que no hay dos ni\u00f1os iguales cuando se trata de adaptarse. Sin embargo, con la libertad, el espacio y el ambiente no presurizado, creemos que con el tiempo cada campista encontrar\u00e1 su nivel de comodidad en Suiza.<\/p>\n<p>Aparte de eso, siga las listas de equipaje para asegurarse de que meten las cosas correctas en su maleta.<\/li>\n<li>\n<h4>\u00bfQu\u00e9 debo llevar y qu\u00e9 no debo llevar al campamento de verano?<\/h4>\n<p><a href=\"https:\/\/www.campmontana.ch\/es\/lista-ropa-y-equipo\/\">Lista de ropa y equipamiento<\/a><br \/>\n<a href=\"\/fr\/liste-vetements-et-equipements\/\">Liste des v\u00eatements et d&#8217;\u00e9quipement<\/a><\/li>\n<li>\n<h4>\u00bfQu\u00e9 debo llevar a una clase de idiomas en el campamento?<\/h4>\n<p>Los campistas no necesitan traer nada especial al campamento para las clases de idiomas en las que se hayan inscrito. International Summer Camp Montana proporciona los libros de texto, materiales, papeler\u00eda y toda la literatura acad\u00e9mica que el estudiante necesite para participar en el programa de idiomas. S\u00f3lo recomendamos que se traigan ganas de aprender y participar en cada clase.<\/li>\n<li>\n<h4>\u00bfCu\u00e1ntos ni\u00f1os van al Campamento de Verano Montana?<\/h4>\n<p>El Campamento Internacional de Verano de Montana acoge regularmente a unos 330 ni\u00f1os y adolescentes en cada campamento de Suiza. Esto significa que a lo largo de nuestra temporada de verano recibimos a unos 990 ni\u00f1os de todo el mundo en nuestro campamento de Crans-Montana.<\/li>\n<li>\n<h4>\u00bfA qu\u00e9 hora debe llegar mi hijo al aeropuerto de Ginebra el d\u00eda de su llegada?<\/h4>\n<p>Recomendamos que su hijo llegue a Ginebra el domingo por la ma\u00f1ana. De este modo, su hijo llegar\u00e1 al campamento por la tarde y podr\u00e1 orientarse durante las horas de luz. Por supuesto, podemos acomodarnos a la mayor\u00eda de las horas de llegada, pero la ma\u00f1ana ser\u00eda la m\u00e1s beneficiosa para su hijo.<\/li>\n<li>\n<h4>\u00bfA qu\u00e9 hora debo reservar el vuelo de vuelta para mi hijo el d\u00eda de salida?<\/h4>\n<p>Su hijo saldr\u00e1 del campamento aproximadamente 5 horas antes de la hora de su vuelo. Recomendamos, si es posible, reservar un vuelo entre mediod\u00eda y media tarde.<\/li>\n<li>\n<h4>\u00bfA qu\u00e9 hora debo llegar al campamento con mi hijo el d\u00eda de llegada?<\/h4>\n<p>Le recomendamos que llegue con su hijo por la ma\u00f1ana del d\u00eda de llegada. As\u00ed tambi\u00e9n podr\u00e1 participar en la visita guiada del campamento y conocer al orientador del grupo de su hijo.<\/li>\n<li>\n<h4>\u00bfA qu\u00e9 hora debo recoger a mi hijo en el campamento el d\u00eda de salida?<\/h4>\n<p>Le recomendamos que recoja a su hijo por la ma\u00f1ana del d\u00eda de salida, ya que la mayor\u00eda de los ni\u00f1os ser\u00e1n recogidos a mediod\u00eda. Si no puede recoger a su hijo hasta \u00faltima hora de la tarde, le rogamos que nos lo comunique.<\/li>\n<li>\n<h4>\u00bfMi hijo tiene que traer material deportivo?<\/h4>\n<p>El campamento proporciona todo el material deportivo para cada actividad. Los ni\u00f1os pueden traer sus propias botas de montar o raquetas de tenis, pero es opcional.<\/li>\n<li>\n<h4>\u00bfC\u00f3mo env\u00edo correo a mi hijo?<\/h4>\n<p>A los ni\u00f1os les encanta recibir correo, as\u00ed que puedes enviar correos electr\u00f3nicos a la siguiente direcci\u00f3n.<br \/>\nCorreo electr\u00f3nico &#8211; <a href=\"mailto:admin@campmontana.ch\">admin@campmontana.ch<\/a><br \/>\nPor favor, ponga el nombre completo de su hijo en el correo electr\u00f3nico. Todos los correos electr\u00f3nicos ser\u00e1n transmitidos a su hijo a la hora de comer.<\/p>\n<p>Los paquetes se pueden enviar a; por favor, ponga el nombre completo del campista en el paquete.<\/p>\n<p>Nombre del campista<br \/>\nc\/o ISCM SA<br \/>\nRoute de la Moubra 43<br \/>\n3963 Crans-Montana<br \/>\nSwitzerland<\/li>\n<li>\n<h4>\u00bfPuede mi hijo tener acceso a Internet?<\/h4>\n<p>International Summer Camp Montana ha tomado la decisi\u00f3n consciente de proporcionar una red Wifi segura (en horarios restringidos) para nuestros Campistas. Entendemos la importancia que la tecnolog\u00eda juega en mantener a las familias conectadas y por lo tanto, hemos decidido dar a nuestros campistas acceso a la web. Los horarios en los que el Wifi est\u00e1 disponible para cada secci\u00f3n se pueden ver en las siguientes secciones.<br \/>\nSin embargo, recomendamos encarecidamente que no se traigan al campamento dispositivos como tabletas, ordenadores port\u00e1tiles, tel\u00e9fonos caros y juegos de ordenador port\u00e1tiles. Por favor, disuada a sus hijos de utilizar Internet a trav\u00e9s de &#8216;roaming&#8217; en sus dispositivos con conexi\u00f3n a Internet, ya que esto puede resultar costoso.<\/li>\n<li>\n<h4>Horarios de acceso a tel\u00e9fonos m\u00f3viles y Wifi para los campistas:<\/h4>\n<p><strong>Rookies:<\/strong> se les permiten los tel\u00e9fonos m\u00f3viles, pero s\u00f3lo pueden utilizarlos durante el periodo de descanso (de 13h00 a 14h00). Durante este tiempo, los campistas tambi\u00e9n tendr\u00e1n acceso a una red Wifi segura. Durante el resto del d\u00eda, los tel\u00e9fonos m\u00f3viles se apagan y se guardan en la caja fuerte de la habitaci\u00f3n de cada campista.<\/p>\n<p><strong>Champions:<\/strong> se les permiten los tel\u00e9fonos m\u00f3viles, pero s\u00f3lo pueden utilizarlos durante el periodo de descanso (de 13h00 a 14h00). Durante este tiempo, los campistas Champion tambi\u00e9n tendr\u00e1n acceso a una red Wifi segura. Durante el resto del d\u00eda, los tel\u00e9fonos m\u00f3viles se apagan y se guardan bajo llave en la caja fuerte de la habitaci\u00f3n de cada campista.<\/p>\n<p><strong>Seniors:<\/strong> se les permite el uso de tel\u00e9fonos m\u00f3viles, pero s\u00f3lo durante la siesta (de 13h45 a 14h50) y el tiempo libre (de 17h30 a 19h30). Los Seniors podr\u00e1n acceder a una conexi\u00f3n Wifi segura de 13h45 a 14h50 y de 17h30 a 19h30. Durante el resto del d\u00eda, los tel\u00e9fonos m\u00f3viles estar\u00e1n apagados y bajo llave en la caja fuerte de la habitaci\u00f3n de cada campista.<\/li>\n<li>\n<h4>\u00bfCu\u00e1les son los horarios de las comidas en el campamento?<\/h4>\n<\/li>\n<\/ul>\n<\/li>\n<\/ul>\n<table border=\"1\">\n<tbody>\n<tr>\n<td><\/td>\n<td><strong>Desayuno<\/strong><\/td>\n<td><strong>Almuerzo<\/strong><\/td>\n<td><strong>Cena<\/strong><\/td>\n<\/tr>\n<tr>\n<td><strong>Rookies<\/strong><\/td>\n<td>07h45<\/td>\n<td>12h00<\/td>\n<td>18h00<\/td>\n<\/tr>\n<tr>\n<td><strong>Champions<\/strong><\/td>\n<td>08h15<\/td>\n<td>12h35<\/td>\n<td>18h45<\/td>\n<\/tr>\n<tr>\n<td><strong>Seniors<\/strong><\/td>\n<td>09h00<\/td>\n<td>13h15<\/td>\n<td>19h35<\/td>\n<\/tr>\n<\/tbody>\n<\/table>\n<ul>\n<li>\n<h4>\u00bfCu\u00e1ntas horas de idiomas tendr\u00e1 mi hijo a la semana?<\/h4>\n<p>Los cursos de idiomas duran 50 minutos al d\u00eda, 5 d\u00edas a la semana. Los campistas tendr\u00e1n una peque\u00f1a prueba de nivel al comienzo de la sesi\u00f3n para ponerlos en el curso correcto para su capacidad.<\/li>\n<li>\n<h4>\u00bfCu\u00e1nto dinero debe tener mi hijo para Pocket money?<\/h4>\n<p>La cantidad de dinero de bolsillo sugerida para una sesi\u00f3n de 3 semanas es de<\/p>\n<p>Rookies\u00a0 \u00a0 \u00a0 \u00a0 \u00a0 \u00a0 \u00a0CHF 120.\u2013<\/p>\n<p>Champions\u00a0 \u00a0 \u00a0 CHF 200.\u2013<\/p>\n<p>Seniors\u00a0 \u00a0 \u00a0 \u00a0 \u00a0 \u00a0 \u00a0CHF 200.\u2013<\/p>\n<p>Si lo desea, puede enviar una cantidad superior a la sugerida.<\/li>\n<li>\n<h4>\u00bfC\u00f3mo puedo enviar dinero extra a mi hijo?<\/h4>\n<p>Puede enviar una transferencia bancaria a International Summer camp con el nombre de su hijo como referencia de pago.<br \/>\nDeber\u00e1 enviarnos por correo electr\u00f3nico una copia de la transferencia bancaria para que podamos enviar el dinero a su hijo inmediatamente. Tenga en cuenta que si no recibimos una copia de la transferencia, no podremos enviar el dinero a su hijo hasta que recibamos una confirmaci\u00f3n de nuestro banco.<\/li>\n<li>\n<h4>\u00bfPuedo pagar en d\u00f3lares, euros o libras esterlinas?<\/h4>\n<p>S\u00ed, puede pagar en estas monedas. Todos los cheques deben ser pagaderos a ISCM SA. Consulte con su banco el tipo de cambio del d\u00eda.<\/li>\n<li>\n<h4>\u00bfQu\u00e9 tipo de cambio debo utilizar?<\/h4>\n<p>Como el tipo de cambio cambia a diario, le recomendamos que consulte con su banco el tipo del d\u00eda.<\/li>\n<li>\n<h4>Solicitud de habitaci\u00f3n<\/h4>\n<p>La solicitud de habitaci\u00f3n debe hacerse por escrito por correo electr\u00f3nico. Los campistas pueden solicitar compartir habitaci\u00f3n con otro campista que est\u00e9 en la misma secci\u00f3n que ellos.<\/li>\n<li>\n<h4>Visados para Suiza<\/h4>\n<p>Para obtener la documentaci\u00f3n necesaria para entrar en Suiza, dir\u00edjase al consulado o embajada suizos de su pa\u00eds. Si lo desea, podemos facilitarle una carta de invitaci\u00f3n para su hijo. Para ello, p\u00f3ngase en contacto con nuestra administraci\u00f3n.<br \/>\nPor favor, aseg\u00farese tambi\u00e9n de que su hijo tiene el visado correcto para entrar en el pa\u00eds que visitar\u00e1 despu\u00e9s de su estancia en el campamento de verano Montana.<\/li>\n<li>\n<h4>Cu\u00e1ntos campistas por habitaci\u00f3n<\/h4>\n<p>Para Champions y Seniors hay 4 campistas por habitaci\u00f3n. Para Rookies hay habitaciones de 4, 6 y 8 campistas.<\/li>\n<li>\n<h4>Tiempo de visita<\/h4>\n<p>Los campistas pueden recibir visitas de 17h00 a 18h00. Para cualquier visita fuera de este horario, p\u00f3ngase en contacto con la administraci\u00f3n.<\/li>\n<\/ul>\n","protected":false},"excerpt":{"rendered":"<p>Bienvenido a nuestra p\u00e1gina FAQ (Frequently Asked Questions), donde podr\u00e1 encontrar las respuestas a algunos temas candentes para padres y futuros campistas. Si tiene alguna otra pregunta y no ha encontrado la respuesta aqu\u00ed, p\u00f3ngase en contacto con nosotros. \u00bfCu\u00e1nto cuesta ir a un campamento de verano? La cuota para una sesi\u00f3n de tres semanas [&hellip;]<\/p>\n","protected":false},"author":3,"featured_media":0,"parent":0,"menu_order":0,"comment_status":"closed","ping_status":"closed","template":"","meta":{"content-type":"","footnotes":""},"class_list":["post-20696","page","type-page","status-publish","hentry"],"yoast_head":"<!-- This site is optimized with the Yoast SEO plugin v27.1 - https:\/\/yoast.com\/product\/yoast-seo-wordpress\/ -->\n<title>Preguntas y respuestas sobre el campamento de verano Montana - FAQ<\/title>\n<meta name=\"description\" content=\"FAQ - La gente tambi\u00e9n pregunta. Una lista de preguntas y respuestas sobre el campamento de verano de Montana, especialmente una que proporciona informaci\u00f3n b\u00e1sica para campistas y padres.\" \/>\n<meta name=\"robots\" content=\"index, follow, max-snippet:-1, max-image-preview:large, max-video-preview:-1\" \/>\n<link rel=\"canonical\" href=\"https:\/\/www.campmontana.ch\/es\/faq\/\" \/>\n<meta property=\"og:locale\" content=\"es_ES\" \/>\n<meta property=\"og:type\" content=\"article\" \/>\n<meta property=\"og:title\" content=\"Preguntas y respuestas sobre el campamento de verano Montana - FAQ\" \/>\n<meta property=\"og:description\" content=\"FAQ - La gente tambi\u00e9n pregunta. Una lista de preguntas y respuestas sobre el campamento de verano de Montana, especialmente una que proporciona informaci\u00f3n b\u00e1sica para campistas y padres.\" \/>\n<meta property=\"og:url\" content=\"https:\/\/www.campmontana.ch\/es\/faq\/\" \/>\n<meta property=\"og:site_name\" content=\"International Summer Camp Montana\" \/>\n<meta property=\"article:publisher\" content=\"https:\/\/www.facebook.com\/summercampmontana\/\" \/>\n<meta property=\"article:modified_time\" content=\"2025-09-11T04:52:12+00:00\" \/>\n<meta name=\"twitter:card\" content=\"summary_large_image\" \/>\n<meta name=\"twitter:site\" content=\"@iscmtweets\" \/>\n<meta name=\"twitter:label1\" content=\"Tiempo de lectura\" \/>\n\t<meta name=\"twitter:data1\" content=\"8 minutos\" \/>\n<script type=\"application\/ld+json\" class=\"yoast-schema-graph\">{\"@context\":\"https:\/\/schema.org\",\"@graph\":[{\"@type\":\"WebPage\",\"@id\":\"https:\/\/www.campmontana.ch\/es\/faq\/\",\"url\":\"https:\/\/www.campmontana.ch\/es\/faq\/\",\"name\":\"Preguntas y respuestas sobre el campamento de verano Montana - FAQ\",\"isPartOf\":{\"@id\":\"https:\/\/www.campmontana.ch\/es\/#website\"},\"datePublished\":\"2019-03-29T13:50:47+00:00\",\"dateModified\":\"2025-09-11T04:52:12+00:00\",\"description\":\"FAQ - La gente tambi\u00e9n pregunta. Una lista de preguntas y respuestas sobre el campamento de verano de Montana, especialmente una que proporciona informaci\u00f3n b\u00e1sica para campistas y padres.\",\"breadcrumb\":{\"@id\":\"https:\/\/www.campmontana.ch\/es\/faq\/#breadcrumb\"},\"inLanguage\":\"es\",\"potentialAction\":[{\"@type\":\"ReadAction\",\"target\":[\"https:\/\/www.campmontana.ch\/es\/faq\/\"]}]},{\"@type\":\"BreadcrumbList\",\"@id\":\"https:\/\/www.campmontana.ch\/es\/faq\/#breadcrumb\",\"itemListElement\":[{\"@type\":\"ListItem\",\"position\":1,\"name\":\"Home\",\"item\":\"https:\/\/www.campmontana.ch\/es\/\"},{\"@type\":\"ListItem\",\"position\":2,\"name\":\"FAQ\"}]},{\"@type\":\"WebSite\",\"@id\":\"https:\/\/www.campmontana.ch\/es\/#website\",\"url\":\"https:\/\/www.campmontana.ch\/es\/\",\"name\":\"International Summer Camp Montana\",\"description\":\"\",\"potentialAction\":[{\"@type\":\"SearchAction\",\"target\":{\"@type\":\"EntryPoint\",\"urlTemplate\":\"https:\/\/www.campmontana.ch\/es\/?s={search_term_string}\"},\"query-input\":{\"@type\":\"PropertyValueSpecification\",\"valueRequired\":true,\"valueName\":\"search_term_string\"}}],\"inLanguage\":\"es\"}]}<\/script>\n<!-- \/ Yoast SEO plugin. -->","yoast_head_json":{"title":"Preguntas y respuestas sobre el campamento de verano Montana - FAQ","description":"FAQ - La gente tambi\u00e9n pregunta. Una lista de preguntas y respuestas sobre el campamento de verano de Montana, especialmente una que proporciona informaci\u00f3n b\u00e1sica para campistas y padres.","robots":{"index":"index","follow":"follow","max-snippet":"max-snippet:-1","max-image-preview":"max-image-preview:large","max-video-preview":"max-video-preview:-1"},"canonical":"https:\/\/www.campmontana.ch\/es\/faq\/","og_locale":"es_ES","og_type":"article","og_title":"Preguntas y respuestas sobre el campamento de verano Montana - FAQ","og_description":"FAQ - La gente tambi\u00e9n pregunta. Una lista de preguntas y respuestas sobre el campamento de verano de Montana, especialmente una que proporciona informaci\u00f3n b\u00e1sica para campistas y padres.","og_url":"https:\/\/www.campmontana.ch\/es\/faq\/","og_site_name":"International Summer Camp Montana","article_publisher":"https:\/\/www.facebook.com\/summercampmontana\/","article_modified_time":"2025-09-11T04:52:12+00:00","twitter_card":"summary_large_image","twitter_site":"@iscmtweets","twitter_misc":{"Tiempo de lectura":"8 minutos"},"schema":{"@context":"https:\/\/schema.org","@graph":[{"@type":"WebPage","@id":"https:\/\/www.campmontana.ch\/es\/faq\/","url":"https:\/\/www.campmontana.ch\/es\/faq\/","name":"Preguntas y respuestas sobre el campamento de verano Montana - FAQ","isPartOf":{"@id":"https:\/\/www.campmontana.ch\/es\/#website"},"datePublished":"2019-03-29T13:50:47+00:00","dateModified":"2025-09-11T04:52:12+00:00","description":"FAQ - La gente tambi\u00e9n pregunta. Una lista de preguntas y respuestas sobre el campamento de verano de Montana, especialmente una que proporciona informaci\u00f3n b\u00e1sica para campistas y padres.","breadcrumb":{"@id":"https:\/\/www.campmontana.ch\/es\/faq\/#breadcrumb"},"inLanguage":"es","potentialAction":[{"@type":"ReadAction","target":["https:\/\/www.campmontana.ch\/es\/faq\/"]}]},{"@type":"BreadcrumbList","@id":"https:\/\/www.campmontana.ch\/es\/faq\/#breadcrumb","itemListElement":[{"@type":"ListItem","position":1,"name":"Home","item":"https:\/\/www.campmontana.ch\/es\/"},{"@type":"ListItem","position":2,"name":"FAQ"}]},{"@type":"WebSite","@id":"https:\/\/www.campmontana.ch\/es\/#website","url":"https:\/\/www.campmontana.ch\/es\/","name":"International Summer Camp Montana","description":"","potentialAction":[{"@type":"SearchAction","target":{"@type":"EntryPoint","urlTemplate":"https:\/\/www.campmontana.ch\/es\/?s={search_term_string}"},"query-input":{"@type":"PropertyValueSpecification","valueRequired":true,"valueName":"search_term_string"}}],"inLanguage":"es"}]}},"_links":{"self":[{"href":"https:\/\/www.campmontana.ch\/es\/wp-json\/wp\/v2\/pages\/20696","targetHints":{"allow":["GET"]}}],"collection":[{"href":"https:\/\/www.campmontana.ch\/es\/wp-json\/wp\/v2\/pages"}],"about":[{"href":"https:\/\/www.campmontana.ch\/es\/wp-json\/wp\/v2\/types\/page"}],"author":[{"embeddable":true,"href":"https:\/\/www.campmontana.ch\/es\/wp-json\/wp\/v2\/users\/3"}],"replies":[{"embeddable":true,"href":"https:\/\/www.campmontana.ch\/es\/wp-json\/wp\/v2\/comments?post=20696"}],"version-history":[{"count":4,"href":"https:\/\/www.campmontana.ch\/es\/wp-json\/wp\/v2\/pages\/20696\/revisions"}],"predecessor-version":[{"id":22588,"href":"https:\/\/www.campmontana.ch\/es\/wp-json\/wp\/v2\/pages\/20696\/revisions\/22588"}],"wp:attachment":[{"href":"https:\/\/www.campmontana.ch\/es\/wp-json\/wp\/v2\/media?parent=20696"}],"curies":[{"name":"wp","href":"https:\/\/api.w.org\/{rel}","templated":true}]}}