{"id":18823,"date":"2017-09-14T14:08:52","date_gmt":"2017-09-14T14:08:52","guid":{"rendered":"https:\/\/www.campmontana.ch\/dates-prices\/"},"modified":"2026-01-27T10:34:31","modified_gmt":"2026-01-27T10:34:31","slug":"fechas-precios","status":"publish","type":"page","link":"https:\/\/www.campmontana.ch\/es\/fechas-precios\/","title":{"rendered":"Dates &#038; Prices"},"content":{"rendered":"","protected":false},"excerpt":{"rendered":"","protected":false},"author":3,"featured_media":0,"parent":0,"menu_order":0,"comment_status":"closed","ping_status":"closed","template":"","meta":{"content-type":"","footnotes":""},"class_list":["post-18823","page","type-page","status-publish","hentry"],"yoast_head":"<!-- This site is optimized with the Yoast SEO plugin v27.1 - https:\/\/yoast.com\/product\/yoast-seo-wordpress\/ -->\n<title>Fechas y precios - Campamento Internacional de Verano Montana<\/title>\n<meta name=\"description\" content=\"Precios y fechas - Campamento de verano Montana. M\u00e1s informaci\u00f3n sobre las fechas de nuestras sesiones, informaci\u00f3n sobre las tarifas de los campamentos, cursos de idiomas y traslados.\" \/>\n<meta name=\"robots\" content=\"index, follow, max-snippet:-1, max-image-preview:large, max-video-preview:-1\" \/>\n<link rel=\"canonical\" href=\"https:\/\/www.campmontana.ch\/es\/fechas-precios\/\" \/>\n<meta property=\"og:locale\" content=\"es_ES\" \/>\n<meta property=\"og:type\" content=\"article\" \/>\n<meta property=\"og:title\" content=\"Fechas y precios - Campamento Internacional de Verano Montana\" \/>\n<meta property=\"og:description\" content=\"Precios y fechas - Campamento de verano Montana. M\u00e1s informaci\u00f3n sobre las fechas de nuestras sesiones, informaci\u00f3n sobre las tarifas de los campamentos, cursos de idiomas y traslados.\" \/>\n<meta property=\"og:url\" content=\"https:\/\/www.campmontana.ch\/es\/fechas-precios\/\" \/>\n<meta property=\"og:site_name\" content=\"International Summer Camp Montana\" \/>\n<meta property=\"article:publisher\" content=\"https:\/\/www.facebook.com\/summercampmontana\/\" \/>\n<meta property=\"article:modified_time\" content=\"2026-01-27T10:34:31+00:00\" \/>\n<meta name=\"twitter:card\" content=\"summary_large_image\" \/>\n<meta name=\"twitter:site\" content=\"@iscmtweets\" \/>\n<meta name=\"twitter:label1\" content=\"Tiempo de lectura\" \/>\n\t<meta name=\"twitter:data1\" content=\"6 minutos\" \/>\n<script type=\"application\/ld+json\" class=\"yoast-schema-graph\">{\"@context\":\"https:\/\/schema.org\",\"@graph\":[{\"@type\":\"WebPage\",\"@id\":\"https:\/\/www.campmontana.ch\/es\/fechas-precios\/\",\"url\":\"https:\/\/www.campmontana.ch\/es\/fechas-precios\/\",\"name\":\"Fechas y precios - Campamento Internacional de Verano Montana\",\"isPartOf\":{\"@id\":\"https:\/\/www.campmontana.ch\/es\/#website\"},\"datePublished\":\"2017-09-14T14:08:52+00:00\",\"dateModified\":\"2026-01-27T10:34:31+00:00\",\"description\":\"Precios y fechas - Campamento de verano Montana. M\u00e1s informaci\u00f3n sobre las fechas de nuestras sesiones, informaci\u00f3n sobre las tarifas de los campamentos, cursos de idiomas y traslados.\",\"breadcrumb\":{\"@id\":\"https:\/\/www.campmontana.ch\/es\/fechas-precios\/#breadcrumb\"},\"inLanguage\":\"es\",\"potentialAction\":[{\"@type\":\"ReadAction\",\"target\":[\"https:\/\/www.campmontana.ch\/es\/fechas-precios\/\"]}]},{\"@type\":\"BreadcrumbList\",\"@id\":\"https:\/\/www.campmontana.ch\/es\/fechas-precios\/#breadcrumb\",\"itemListElement\":[{\"@type\":\"ListItem\",\"position\":1,\"name\":\"Home\",\"item\":\"https:\/\/www.campmontana.ch\/es\/\"},{\"@type\":\"ListItem\",\"position\":2,\"name\":\"Dates &#038; Prices\"}]},{\"@type\":\"WebSite\",\"@id\":\"https:\/\/www.campmontana.ch\/es\/#website\",\"url\":\"https:\/\/www.campmontana.ch\/es\/\",\"name\":\"International Summer Camp Montana\",\"description\":\"\",\"potentialAction\":[{\"@type\":\"SearchAction\",\"target\":{\"@type\":\"EntryPoint\",\"urlTemplate\":\"https:\/\/www.campmontana.ch\/es\/?s={search_term_string}\"},\"query-input\":{\"@type\":\"PropertyValueSpecification\",\"valueRequired\":true,\"valueName\":\"search_term_string\"}}],\"inLanguage\":\"es\"}]}<\/script>\n<!-- \/ Yoast SEO plugin. -->","yoast_head_json":{"title":"Fechas y precios - Campamento Internacional de Verano Montana","description":"Precios y fechas - Campamento de verano Montana. M\u00e1s informaci\u00f3n sobre las fechas de nuestras sesiones, informaci\u00f3n sobre las tarifas de los campamentos, cursos de idiomas y traslados.","robots":{"index":"index","follow":"follow","max-snippet":"max-snippet:-1","max-image-preview":"max-image-preview:large","max-video-preview":"max-video-preview:-1"},"canonical":"https:\/\/www.campmontana.ch\/es\/fechas-precios\/","og_locale":"es_ES","og_type":"article","og_title":"Fechas y precios - Campamento Internacional de Verano Montana","og_description":"Precios y fechas - Campamento de verano Montana. M\u00e1s informaci\u00f3n sobre las fechas de nuestras sesiones, informaci\u00f3n sobre las tarifas de los campamentos, cursos de idiomas y traslados.","og_url":"https:\/\/www.campmontana.ch\/es\/fechas-precios\/","og_site_name":"International Summer Camp Montana","article_publisher":"https:\/\/www.facebook.com\/summercampmontana\/","article_modified_time":"2026-01-27T10:34:31+00:00","twitter_card":"summary_large_image","twitter_site":"@iscmtweets","twitter_misc":{"Tiempo de lectura":"6 minutos"},"schema":{"@context":"https:\/\/schema.org","@graph":[{"@type":"WebPage","@id":"https:\/\/www.campmontana.ch\/es\/fechas-precios\/","url":"https:\/\/www.campmontana.ch\/es\/fechas-precios\/","name":"Fechas y precios - Campamento Internacional de Verano Montana","isPartOf":{"@id":"https:\/\/www.campmontana.ch\/es\/#website"},"datePublished":"2017-09-14T14:08:52+00:00","dateModified":"2026-01-27T10:34:31+00:00","description":"Precios y fechas - Campamento de verano Montana. M\u00e1s informaci\u00f3n sobre las fechas de nuestras sesiones, informaci\u00f3n sobre las tarifas de los campamentos, cursos de idiomas y traslados.","breadcrumb":{"@id":"https:\/\/www.campmontana.ch\/es\/fechas-precios\/#breadcrumb"},"inLanguage":"es","potentialAction":[{"@type":"ReadAction","target":["https:\/\/www.campmontana.ch\/es\/fechas-precios\/"]}]},{"@type":"BreadcrumbList","@id":"https:\/\/www.campmontana.ch\/es\/fechas-precios\/#breadcrumb","itemListElement":[{"@type":"ListItem","position":1,"name":"Home","item":"https:\/\/www.campmontana.ch\/es\/"},{"@type":"ListItem","position":2,"name":"Dates &#038; Prices"}]},{"@type":"WebSite","@id":"https:\/\/www.campmontana.ch\/es\/#website","url":"https:\/\/www.campmontana.ch\/es\/","name":"International Summer Camp Montana","description":"","potentialAction":[{"@type":"SearchAction","target":{"@type":"EntryPoint","urlTemplate":"https:\/\/www.campmontana.ch\/es\/?s={search_term_string}"},"query-input":{"@type":"PropertyValueSpecification","valueRequired":true,"valueName":"search_term_string"}}],"inLanguage":"es"}]}},"_links":{"self":[{"href":"https:\/\/www.campmontana.ch\/es\/wp-json\/wp\/v2\/pages\/18823","targetHints":{"allow":["GET"]}}],"collection":[{"href":"https:\/\/www.campmontana.ch\/es\/wp-json\/wp\/v2\/pages"}],"about":[{"href":"https:\/\/www.campmontana.ch\/es\/wp-json\/wp\/v2\/types\/page"}],"author":[{"embeddable":true,"href":"https:\/\/www.campmontana.ch\/es\/wp-json\/wp\/v2\/users\/3"}],"replies":[{"embeddable":true,"href":"https:\/\/www.campmontana.ch\/es\/wp-json\/wp\/v2\/comments?post=18823"}],"version-history":[{"count":1,"href":"https:\/\/www.campmontana.ch\/es\/wp-json\/wp\/v2\/pages\/18823\/revisions"}],"predecessor-version":[{"id":24658,"href":"https:\/\/www.campmontana.ch\/es\/wp-json\/wp\/v2\/pages\/18823\/revisions\/24658"}],"wp:attachment":[{"href":"https:\/\/www.campmontana.ch\/es\/wp-json\/wp\/v2\/media?parent=18823"}],"curies":[{"name":"wp","href":"https:\/\/api.w.org\/{rel}","templated":true}]}}